{"id":1684,"date":"2025-02-02T13:07:21","date_gmt":"2025-02-02T11:07:21","guid":{"rendered":"https:\/\/dev.diplomacy360.com\/componente\/sport-diplomacy\/"},"modified":"2025-03-22T21:20:41","modified_gmt":"2025-03-22T19:20:41","slug":"sport-diplomacy","status":"publish","type":"page","link":"https:\/\/diplomacy360.com\/ro\/sport-diplomacy\/","title":{"rendered":"Sport Diplomacy"},"content":{"rendered":"<div class=\"wpb-content-wrapper\"><p>[vc_row equal_height=&#8221;yes&#8221; content_placement=&#8221;middle&#8221; text_color=&#8221;#ffffff&#8221; type=&#8221;image&#8221; bg_color=&#8221;#34495e&#8221; bg_position_horizontal=&#8221;center&#8221; padding_top=&#8221;100px&#8221; padding_bottom=&#8221;100px&#8221; el_class=&#8221;ov-hidden&#8221; bg_image=&#8221;1086&#8243;][vc_column width=&#8221;1\/3&#8243;][vc_single_image image=&#8221;1834&#8243; img_size=&#8221;full&#8221; alignment=&#8221;center&#8221; onclick=&#8221;zoom&#8221; css=&#8221;&#8221;][\/vc_column][vc_column width=&#8221;1\/3&#8243;][vc_custom_heading text=&#8221;Sport Diplomacy&#8221; font_container=&#8221;tag:h1|font_size:56|text_align:left|color:%23FFFFFF&#8221; use_theme_fonts=&#8221;yes&#8221; css=&#8221;&#8221;][vc_custom_heading text=&#8221;Ce este Sports Diplomacy?&#8221; font_container=&#8221;tag:h2|text_align:left|color:%23FFFFFF&#8221; use_theme_fonts=&#8221;yes&#8221; css=&#8221;&#8221;][\/vc_column][vc_column width=&#8221;1\/3&#8243;][vc_column_text css=&#8221;&#8221;]<\/p>\n<h4>Sportul este o comunicare universal\u0103 pe care diploma\u021bii o folosesc adesea pentru a construi sau redeschide pun\u021bi \u00eentre na\u021biuni.<\/h4>\n<h4>Evenimentele sportive pot spori diploma\u021bia, \u00eencrederea \u0219i pot schimba opinia public\u0103 \u00een moduri \u00een care mediul politic poate influen\u021ba, cu rezultate surprinz\u0103toare.<\/h4>\n<p>[\/vc_column_text][\/vc_column][\/vc_row][vc_row][vc_column width=&#8221;1\/2&#8243;][vc_column_text css=&#8221;&#8221;]<\/p>\n<h1>The link between sport and diplomacy has been proven over the years through a series of events.<\/h1>\n<p>[\/vc_column_text][vc_column_text css=&#8221;&#8221;]The Olympics have shown in the past how the world of sport gathered in the same place East and West. Sport is used as a key to open closed gates and why not slam the door into someone face, as the case may be.[\/vc_column_text][\/vc_column][vc_column width=&#8221;1\/2&#8243;][vc_single_image image=&#8221;2253&#8243; img_size=&#8221;full&#8221; alignment=&#8221;center&#8221; css=&#8221;&#8221; box_shadow=&#8221;yes&#8221;][\/vc_column][\/vc_row][vc_row equal_height=&#8221;yes&#8221; content_placement=&#8221;middle&#8221; type=&#8221;color&#8221; bg_color=&#8221;#F2F2F2&#8243;][vc_column][vc_row_inner equal_height=&#8221;yes&#8221; content_placement=&#8221;middle&#8221;][vc_column_inner width=&#8221;2\/3&#8243;][vc_column_text css=&#8221;&#8221;]In any case, sport reflects and involves a large credit of goodwill among nations, and the best example of bringing two nations closer is <strong>\u201cPing-Pong Diplomacy\u201d<\/strong>, the best-known example of sports that made President Nixon make a visit to China, resulting in months of quiet diplomacy.<\/p>\n<p>The best example that brought two nations closer is \u201cPing-Pong diplomacy\u201c, the best known example of sports that made President Nixon make a visit to China, resulting months of quiet and settlement.<br \/>\nAs they have called it, \u201cPing-Pong diplomacy\u201d has been a minor but interesting proof from the Chinese interest in a relationship with the United States.<\/p>\n<h3>Could attending in a sports event of such importance be a re-launch of countries in diplomatic games?<\/h3>\n<p>The Winter Olympics (2018 edition) began with the official slogan \u201cPassion. Connected.\u201d But South Korean President, Moon Jae-in, hoping North Korea\u2019s participation will open the way to reconciliation and the desire to open a gateway to new talks and negotiations, called the sporting event \u201dThe Olympics of Reconciliation\u201d.[\/vc_column_text][\/vc_column_inner][vc_column_inner width=&#8221;1\/3&#8243;][vc_single_image image=&#8221;2258&#8243; img_size=&#8221;full&#8221; alignment=&#8221;center&#8221; css=&#8221;&#8221;][\/vc_column_inner][\/vc_row_inner][vc_empty_space height=&#8221;100px&#8221;][vc_row_inner equal_height=&#8221;yes&#8221; content_placement=&#8221;middle&#8221;][vc_column_inner width=&#8221;1\/3&#8243;][vc_single_image image=&#8221;2263&#8243; img_size=&#8221;full&#8221; alignment=&#8221;center&#8221; css=&#8221;&#8221;][\/vc_column_inner][vc_column_inner width=&#8221;2\/3&#8243;][vc_column_text css=&#8221;&#8221;]<\/p>\n<h3>The Winter Olympics has been an important opportunity for North Korea and South Korea on the world stage. Kim is the first North Korea president that crossed the military demarcation line that separates the two countries, in the last 65 years, from the end of the war between the two countries. Also, the handshake of the two presidents on 27th of April this year is a historic moment.<\/h3>\n<p>The historic meeting between President Kim Jong-un and South Korean President Moon Jae-in illustrates the diplomatic thaw that occurred between the two countries, and even the end of the nuclear war, which began at the announcement of participation in the Winter Olympics.<\/p>\n<p>The Winter Olympics have been an important opportunity for North Korea and South Korea on the world stage.[\/vc_column_text][\/vc_column_inner][\/vc_row_inner][vc_empty_space height=&#8221;100px&#8221;][vc_row_inner equal_height=&#8221;yes&#8221; content_placement=&#8221;middle&#8221;][vc_column_inner width=&#8221;2\/3&#8243;][vc_column_text css=&#8221;&#8221;]<\/p>\n<h3>Is the World Cup an Occasion for foreign leaders to meet?<\/h3>\n<p><em>Hosting the World Cup is a unique opportunity for a country to gain a soft power bounce. It offers a chance to show off your culture, people, and infrastructure, and your team becomes a sentimental favourite.<\/em><\/p>\n<p>\u201cSport diplomacy is now an integral part of the wider \u201csoft power\u201d paradigm utilized by countries to promote their own appeal. Sports competitions help to expand international contacts and friendly ties.\u201d Russian International Affairs Council.<\/p>\n<p>\u201cWe invite all heads of states and governments and we expect them to be widely present there\u201d Lavrov noted. \u201cWe want to wish success to all who are taking part in the championship.\u201d[\/vc_column_text][\/vc_column_inner][vc_column_inner width=&#8221;1\/3&#8243;][vc_single_image image=&#8221;2266&#8243; img_size=&#8221;full&#8221; alignment=&#8221;center&#8221; css=&#8221;&#8221;][\/vc_column_inner][\/vc_row_inner][\/vc_column][\/vc_row][vc_row][vc_column][vc_row_inner equal_height=&#8221;yes&#8221; content_placement=&#8221;middle&#8221;][vc_column_inner width=&#8221;1\/2&#8243;][vc_column_text css=&#8221;&#8221;]<\/p>\n<h2>What will be next in Sports Events?<\/h2>\n<h3>For the first time the World Football Championship will be held in three countries in 2026: United States, Canada and Mexico.<\/h3>\n<p>[\/vc_column_text][\/vc_column_inner][vc_column_inner width=&#8221;1\/2&#8243;][vc_single_image image=&#8221;2276&#8243; img_size=&#8221;full&#8221; alignment=&#8221;center&#8221; css=&#8221;&#8221; box_shadow=&#8221;yes&#8221;][\/vc_column_inner][\/vc_row_inner][vc_row_inner css=&#8221;.vc_custom_1739173631932{padding-top: 100px !important;}&#8221;][vc_column_inner width=&#8221;2\/3&#8243;][vc_column_text css=&#8221;&#8221;]As we have been accustomed to the US President, he naturally made sure to politicise the process of of winning the hosting of World Football Championship. He mentioned and promised that some of his most restrictive immigration policies would be better and relaxed during the games, especially for players and fans.<\/p>\n<p>For the 2026 contest US, Mexico, and Canada went up against Morocco.[\/vc_column_text][\/vc_column_inner][vc_column_inner width=&#8221;1\/3&#8243;][vc_single_image image=&#8221;2280&#8243; img_size=&#8221;full&#8221; alignment=&#8221;center&#8221; css=&#8221;&#8221;][\/vc_column_inner][\/vc_row_inner][vc_row_inner css=&#8221;.vc_custom_1739173680932{padding-top: 35px !important;}&#8221;][vc_column_inner][vc_column_text css=&#8221;&#8221;]<\/p>\n<h4>The biggest problem before the vote was regarding US`s visa policies, that could be too restrictive.<\/h4>\n<h4>The 2026 World Cup will be larger than all World Cup Events. It will have 48 teams, up from the current 32, and entail 16 host cities. Mexico and Canada will host 10 games each, and the US will host the other 60.<\/h4>\n<h4>The name of the event is UNITED 2026. Will these three countries cooperate better till 2026? Especially United States and Mexico? What will be changed in terms of security and relationships?<\/h4>\n<p>[\/vc_column_text][\/vc_column_inner][\/vc_row_inner][\/vc_column][\/vc_row]<\/p>\n<\/div>","protected":false},"excerpt":{"rendered":"<p>[vc_row equal_height=&#8221;yes&#8221; content_placement=&#8221;middle&#8221; text_color=&#8221;#ffffff&#8221; type=&#8221;image&#8221; bg_color=&#8221;#34495e&#8221; bg_position_horizontal=&#8221;center&#8221; padding_top=&#8221;100px&#8221; padding_bottom=&#8221;100px&#8221; el_class=&#8221;ov-hidden&#8221; bg_image=&#8221;1086&#8243;][vc_column width=&#8221;1\/3&#8243;][vc_single_image image=&#8221;1834&#8243; img_size=&#8221;full&#8221; alignment=&#8221;center&#8221; onclick=&#8221;zoom&#8221; css=&#8221;&#8221;][\/vc_column][vc_column width=&#8221;1\/3&#8243;][vc_custom_heading text=&#8221;Sport Diplomacy&#8221; font_container=&#8221;tag:h1|font_size:56|text_align:left|color:%23FFFFFF&#8221; use_theme_fonts=&#8221;yes&#8221; css=&#8221;&#8221;][vc_custom_heading text=&#8221;Ce este Sports Diplomacy?&#8221; font_container=&#8221;tag:h2|text_align:left|color:%23FFFFFF&#8221; use_theme_fonts=&#8221;yes&#8221; css=&#8221;&#8221;][\/vc_column][vc_column width=&#8221;1\/3&#8243;][vc_column_text css=&#8221;&#8221;] Sportul este o comunicare universal\u0103 pe care diploma\u021bii o folosesc adesea pentru a construi sau redeschide pun\u021bi \u00eentre na\u021biuni. Evenimentele sportive pot spori diploma\u021bia, \u00eencrederea \u0219i pot schimba [&hellip;]<\/p>\n","protected":false},"author":1,"featured_media":0,"parent":0,"menu_order":0,"comment_status":"closed","ping_status":"closed","template":"page-templates\/full-width.php","meta":{"ngg_post_thumbnail":0,"footnotes":""},"class_list":["post-1684","page","type-page","status-publish","hentry"],"aioseo_notices":[],"_links":{"self":[{"href":"https:\/\/diplomacy360.com\/ro\/wp-json\/wp\/v2\/pages\/1684","targetHints":{"allow":["GET"]}}],"collection":[{"href":"https:\/\/diplomacy360.com\/ro\/wp-json\/wp\/v2\/pages"}],"about":[{"href":"https:\/\/diplomacy360.com\/ro\/wp-json\/wp\/v2\/types\/page"}],"author":[{"embeddable":true,"href":"https:\/\/diplomacy360.com\/ro\/wp-json\/wp\/v2\/users\/1"}],"replies":[{"embeddable":true,"href":"https:\/\/diplomacy360.com\/ro\/wp-json\/wp\/v2\/comments?post=1684"}],"version-history":[{"count":5,"href":"https:\/\/diplomacy360.com\/ro\/wp-json\/wp\/v2\/pages\/1684\/revisions"}],"predecessor-version":[{"id":2286,"href":"https:\/\/diplomacy360.com\/ro\/wp-json\/wp\/v2\/pages\/1684\/revisions\/2286"}],"wp:attachment":[{"href":"https:\/\/diplomacy360.com\/ro\/wp-json\/wp\/v2\/media?parent=1684"}],"curies":[{"name":"wp","href":"https:\/\/api.w.org\/{rel}","templated":true}]}}