{"id":1681,"date":"2025-02-07T10:16:23","date_gmt":"2025-02-07T08:16:23","guid":{"rendered":"https:\/\/dev.diplomacy360.com\/componente\/journalism-diplomacy\/"},"modified":"2025-03-22T21:20:41","modified_gmt":"2025-03-22T19:20:41","slug":"journalism-diplomacy","status":"publish","type":"page","link":"https:\/\/diplomacy360.com\/ro\/journalism-diplomacy\/","title":{"rendered":"Journalism Diplomacy"},"content":{"rendered":"<div class=\"wpb-content-wrapper\"><p>[vc_row equal_height=&#8221;yes&#8221; content_placement=&#8221;top&#8221; text_color=&#8221;#ffffff&#8221; type=&#8221;image&#8221; bg_color=&#8221;#34495e&#8221; bg_position_horizontal=&#8221;center&#8221; padding_top=&#8221;100px&#8221; padding_bottom=&#8221;100px&#8221; el_class=&#8221;ov-hidden&#8221; bg_image=&#8221;1086&#8243;][vc_column width=&#8221;1\/3&#8243;][vc_single_image image=&#8221;1822&#8243; img_size=&#8221;full&#8221; alignment=&#8221;center&#8221; onclick=&#8221;zoom&#8221; css=&#8221;&#8221;][\/vc_column][vc_column width=&#8221;1\/3&#8243;][vc_custom_heading text=&#8221;Journalism Diplomacy&#8221; font_container=&#8221;tag:h1|font_size:56|text_align:left|color:%23FFFFFF&#8221; use_theme_fonts=&#8221;yes&#8221; css=&#8221;&#8221;][vc_custom_heading text=&#8221;Ce este Journalism Diplomacy?&#8221; font_container=&#8221;tag:h2|text_align:left|color:%23FFFFFF&#8221; use_theme_fonts=&#8221;yes&#8221; css=&#8221;&#8221;][\/vc_column][vc_column width=&#8221;1\/3&#8243;][vc_column_text css=&#8221;&#8221;]<\/p>\n<h3>Rolul jurnali\u015ftilor \u00een Diplomacy<\/h3>\n<p>Uneori mass-media domin\u0103 sistemul de guvernare \u0219i au ap\u0103rut noi moduri de interac\u021biune \u00eentre mass-media \u0219i diploma\u021bie, rela\u021biile dintre jurnali\u0219ti \u0219i diploma\u021bi trebuie s\u0103 fie din ce \u00een ce mai str\u00e2nse.<\/p>\n<p><strong>Cum ar putea jurnali\u0219tii s\u0103-i ajute pe diploma\u021bi?<\/strong> Acest lucru este simplu: trimit semnale prin mass-media, construiesc \u00eencredere \u0219i avanseaz\u0103 negocierile, mobilizeaz\u0103 sprijinul public pentru acorduri.<\/p>\n<p>De multe ori oficialii au folosit mass-media pentru a comunica cu statele, pentru a scoate la lumin\u0103 unele documente sau secrete \u0219i cel mai adesea pentru a pune \u00eentreb\u0103ri incomode \u00een public \u0219i pentru a-i pune pe cei care particip\u0103 la conversa\u021bie \u00eentr-o situa\u021bie nepl\u0103cut\u0103.[\/vc_column_text][\/vc_column][\/vc_row][vc_row][vc_column][vc_column_text css=&#8221;&#8221;]<\/p>\n<h2>During international crises, the media provided the only channel for communication and negotiation between rival actors and for this good journalists are necessary.<\/h2>\n<p>[\/vc_column_text][vc_row_inner equal_height=&#8221;yes&#8221; content_placement=&#8221;middle&#8221;][vc_column_inner width=&#8221;2\/3&#8243;][vc_column_text css=&#8221;&#8221;]<\/p>\n<h3>Kissinger used journalism diplomacy to break the deadlocks<\/h3>\n<p>[\/vc_column_text]<ul class=\"standard-list list-divider\"><li><i class=\"icon-0\"><\/i> Kissinger had some favourite journalists: Marvin Kalb of CBS, Ted Koppel of ABC and Richard Valeriani of NBC, with whom he was able to develop an intimate relationship and sometimes they knew more than US Ambassadors<\/li><li><i class=\"icon-0\"><\/i> During the first phase of the 1979-1981 Iran hostage crisis, the United States communicated with the terrorists holding the hostages exclusively through the press.<\/li><li><i class=\"icon-0\"><\/i> \u201cMost influential journalists in the United States \u2013 fully supported his diplomatic missions and admired his sophisticated techniques.\u201cMarvin Kalb and Bernard Kalb, Travel with Henry<\/li><\/ul>[\/vc_column_inner][vc_column_inner width=&#8221;1\/3&#8243;][vc_single_image image=&#8221;2225&#8243; img_size=&#8221;full&#8221; add_caption=&#8221;yes&#8221; alignment=&#8221;center&#8221; css=&#8221;&#8221;][\/vc_column_inner][\/vc_row_inner][vc_row_inner equal_height=&#8221;yes&#8221; content_placement=&#8221;middle&#8221; css=&#8221;.vc_custom_1739170919410{padding-top: 25px !important;}&#8221;][vc_column_inner width=&#8221;1\/3&#8243;][vc_single_image image=&#8221;2228&#8243; img_size=&#8221;full&#8221; add_caption=&#8221;yes&#8221; alignment=&#8221;center&#8221; onclick=&#8221;custom_link&#8221; img_link_target=&#8221;_blank&#8221; css=&#8221;&#8221; link=&#8221;https:\/\/www.nytimes.com\/video\/us\/politics\/100000004291165\/when-journalism-becomes-diplomacy.html?smid=pl-share&#8221;][\/vc_column_inner][vc_column_inner width=&#8221;2\/3&#8243;][vc_column_text css=&#8221;&#8221;]<\/p>\n<h3>Direct effects of press on diplomacy:<\/h3>\n<p>[\/vc_column_text]<ul class=\"standard-list list-divider\"><li><i class=\"icon-0\"><\/i> Breaking diplomatic deadlocks;<\/li><li><i class=\"icon-0\"><\/i> Creating a climate conducive to negotiations, and creating a favourable climate for a contract or to seal a bargain.<\/li><\/ul>[vc_column_text css=&#8221;&#8221;]The distinction between the last two effects is significant because media events can be used at the onset of negotiations to build confidence and facilitate negotiations, or at the end of negotiations to mobilize public support for an agreement that has already been achieved<\/p>\n<p><strong>President Obama has a history of using journalists to ask the other world leaders confrontational questions.<\/strong>[\/vc_column_text][\/vc_column_inner][\/vc_row_inner][\/vc_column][\/vc_row][vc_row text_color=&#8221;#FFFFFF&#8221; type=&#8221;color&#8221; bg_color=&#8221;#34495E&#8221;][vc_column][vc_column_text css=&#8221;&#8221;]<\/p>\n<h3>Reasons why media is considered important:<\/h3>\n<p>[\/vc_column_text]<ul class=\"standard-list list-divider\"><li><i class=\"icon-0\"><\/i> For creating an independent media sector, essential to the functioning of democratic society and a key platform for freedom of expression (democracy and human rights objectives);<\/li><li><i class=\"icon-0\"><\/i> For increasing governments\u2019 accountability towards citizens, often to improve service delivery and state receptiveness, improve the state-citizens relationship, support a democratic decision-making process, or change social norms to lower public tolerance for corruption and poor governance;<\/li><li><i class=\"icon-0\"><\/i> For improving debate, dialogue and tolerance, especially in fragile societies and where conflict exists, to increase the availability of balanced, reliable information;<\/li><\/ul>[\/vc_column][\/vc_row][vc_row equal_height=&#8221;yes&#8221; content_placement=&#8221;middle&#8221;][vc_column width=&#8221;2\/3&#8243;][vc_column_text css=&#8221;&#8221;]<\/p>\n<h2>Migration from the media perspective<\/h2>\n<p>[\/vc_column_text][vc_column_text css=&#8221;&#8221;]A top topic in the media and a controversial issue also addressed in public debates. The European press framed the arrival of refugees and migrants as a crisis for Europe \u2013 the migration crisis entered a new phase, the media continues to face significant challenges in protecting the values \u200b\u200bof independent, fair and ethical journalism: protecting freedom of speech, the rights of newcomers, as well as citizens\u2019 rights.<\/p>\n<p>Mass Media faced with the humanist side of the situation and has focused on sharing refugee stories, often confusing migrant, immigrant, refugee and asylum seekers.<\/p>\n<p>Anti-migration or anti-Muslim statements sustained by politicians like Donald Trump and European leaders have increased public concern and created the perception of \u201cus and them\u201d. There are three important periods in the media report on the migration crisis.<\/p>\n<p>Period 1: Precautionary tolerance,<br \/>\nPeriod 2 : Ecstatic humanitarianism<br \/>\nPeriod 3 : Fear and security<\/p>\n<p>Most journalists have approached the issue of the migrants\u2019 crisis in a negative way.[\/vc_column_text][\/vc_column][vc_column width=&#8221;1\/3&#8243;][vc_single_image image=&#8221;2234&#8243; img_size=&#8221;full&#8221; alignment=&#8221;center&#8221; css=&#8221;&#8221; full_width=&#8221;yes&#8221;][\/vc_column][\/vc_row][vc_row type=&#8221;color&#8221; bg_color=&#8221;#F2F2F2&#8243;][vc_column][vc_column_text css=&#8221;&#8221;]<\/p>\n<h3>The specific role of new and old media, panels will examine in detail:<\/h3>\n<p>[\/vc_column_text]<ul class=\"ordered-list list-divider\" style=\"float:left;\"><li><i class=\"icon-0\"><\/i> the intensification and persistancy of narratives of global conflict and their implications for diplomacy;<\/li><li><i class=\"icon-0\"><\/i> how the interaction of the press, diplomatic responses, and new media memes have shaped responses to migrants and refugees;<\/li><li><i class=\"icon-0\"><\/i> apprehension about the porous nature of contemporary media and information flows and the resurgence of calls for states to be able to control internet and media systems and content within their borders as a means of ameliorating the threats to geographic sovereignty;<\/li><li><i class=\"icon-0\"><\/i> the implications of these activities for free expression and state information controls;<\/li><\/ul><div  class=\"kleo-gap\" style=\"height:25px;line-height:25px;\"><\/div>[vc_column_text css=&#8221;&#8221;]<\/p>\n<h2>Which will be THE ROLE OF JOURNALISM IN THE FUTURE OF DIPLOMACY?<\/h2>\n<p>[\/vc_column_text][\/vc_column][\/vc_row]<\/p>\n<\/div>","protected":false},"excerpt":{"rendered":"<p>[vc_row equal_height=&#8221;yes&#8221; content_placement=&#8221;top&#8221; text_color=&#8221;#ffffff&#8221; type=&#8221;image&#8221; bg_color=&#8221;#34495e&#8221; bg_position_horizontal=&#8221;center&#8221; padding_top=&#8221;100px&#8221; padding_bottom=&#8221;100px&#8221; el_class=&#8221;ov-hidden&#8221; bg_image=&#8221;1086&#8243;][vc_column width=&#8221;1\/3&#8243;][vc_single_image image=&#8221;1822&#8243; img_size=&#8221;full&#8221; alignment=&#8221;center&#8221; onclick=&#8221;zoom&#8221; css=&#8221;&#8221;][\/vc_column][vc_column width=&#8221;1\/3&#8243;][vc_custom_heading text=&#8221;Journalism Diplomacy&#8221; font_container=&#8221;tag:h1|font_size:56|text_align:left|color:%23FFFFFF&#8221; use_theme_fonts=&#8221;yes&#8221; css=&#8221;&#8221;][vc_custom_heading text=&#8221;Ce este Journalism Diplomacy?&#8221; font_container=&#8221;tag:h2|text_align:left|color:%23FFFFFF&#8221; use_theme_fonts=&#8221;yes&#8221; css=&#8221;&#8221;][\/vc_column][vc_column width=&#8221;1\/3&#8243;][vc_column_text css=&#8221;&#8221;] Rolul jurnali\u015ftilor \u00een Diplomacy Uneori mass-media domin\u0103 sistemul de guvernare \u0219i au ap\u0103rut noi moduri de interac\u021biune \u00eentre mass-media \u0219i diploma\u021bie, rela\u021biile dintre jurnali\u0219ti \u0219i diploma\u021bi trebuie s\u0103 [&hellip;]<\/p>\n","protected":false},"author":1,"featured_media":0,"parent":0,"menu_order":0,"comment_status":"closed","ping_status":"closed","template":"page-templates\/full-width.php","meta":{"ngg_post_thumbnail":0,"footnotes":""},"class_list":["post-1681","page","type-page","status-publish","hentry"],"aioseo_notices":[],"_links":{"self":[{"href":"https:\/\/diplomacy360.com\/ro\/wp-json\/wp\/v2\/pages\/1681","targetHints":{"allow":["GET"]}}],"collection":[{"href":"https:\/\/diplomacy360.com\/ro\/wp-json\/wp\/v2\/pages"}],"about":[{"href":"https:\/\/diplomacy360.com\/ro\/wp-json\/wp\/v2\/types\/page"}],"author":[{"embeddable":true,"href":"https:\/\/diplomacy360.com\/ro\/wp-json\/wp\/v2\/users\/1"}],"replies":[{"embeddable":true,"href":"https:\/\/diplomacy360.com\/ro\/wp-json\/wp\/v2\/comments?post=1681"}],"version-history":[{"count":7,"href":"https:\/\/diplomacy360.com\/ro\/wp-json\/wp\/v2\/pages\/1681\/revisions"}],"predecessor-version":[{"id":2248,"href":"https:\/\/diplomacy360.com\/ro\/wp-json\/wp\/v2\/pages\/1681\/revisions\/2248"}],"wp:attachment":[{"href":"https:\/\/diplomacy360.com\/ro\/wp-json\/wp\/v2\/media?parent=1681"}],"curies":[{"name":"wp","href":"https:\/\/api.w.org\/{rel}","templated":true}]}}