{"id":1679,"date":"2025-02-07T10:18:39","date_gmt":"2025-02-07T08:18:39","guid":{"rendered":"https:\/\/dev.diplomacy360.com\/componente\/digital-diplomacy\/"},"modified":"2025-03-22T21:20:41","modified_gmt":"2025-03-22T19:20:41","slug":"digital-diplomacy","status":"publish","type":"page","link":"https:\/\/diplomacy360.com\/ro\/digital-diplomacy\/","title":{"rendered":"Digital Diplomacy"},"content":{"rendered":"<div class=\"wpb-content-wrapper\"><p>[vc_row equal_height=&#8221;yes&#8221; content_placement=&#8221;middle&#8221; text_color=&#8221;#ffffff&#8221; type=&#8221;image&#8221; bg_color=&#8221;#34495e&#8221; bg_position_horizontal=&#8221;center&#8221; padding_top=&#8221;100px&#8221; padding_bottom=&#8221;100px&#8221; el_class=&#8221;ov-hidden&#8221; bg_image=&#8221;1086&#8243;][vc_column width=&#8221;1\/3&#8243;][vc_single_image image=&#8221;1810&#8243; img_size=&#8221;full&#8221; alignment=&#8221;center&#8221; onclick=&#8221;zoom&#8221; css=&#8221;&#8221;][\/vc_column][vc_column width=&#8221;1\/3&#8243;][vc_custom_heading text=&#8221;Digital Diplomacy&#8221; font_container=&#8221;tag:h1|font_size:56|text_align:left|color:%23FFFFFF&#8221; use_theme_fonts=&#8221;yes&#8221; css=&#8221;&#8221;][vc_custom_heading text=&#8221;\u2013 a\u0219a cum este perceput \u00een zilele noastre, de majoritatea dintre noi \u2013&#8221; font_container=&#8221;tag:h2|text_align:left|color:%23FFFFFF&#8221; use_theme_fonts=&#8221;yes&#8221; css=&#8221;&#8221;][\/vc_column][vc_column width=&#8221;1\/3&#8243;][vc_column_text css=&#8221;&#8221;]<strong>Care sunt beneficiile pentru \u021b\u0103ri de pe urma diploma\u021biei digitale \u00een aceste vremuri incerte \u00een rela\u021biile interna\u021bionale?<\/strong><\/p>\n<p>Diploma\u021bia tradi\u021bional\u0103 conduce \u00eenc\u0103 diploma\u021bia digital\u0103, dar to\u021bi actorii de stat au nevoie de rebranding. Accesul deschis la con\u021binutul cultural \u0219i interac\u021biunea cu un public global, diploma\u021bia digital\u0103 este acum un instrument \u0219i o strategie politic\u0103 \u0219i mai ales pentru a p\u0103stra \u0219i promova mo\u0219tenirea lor cultural\u0103.[\/vc_column_text][\/vc_column][\/vc_row][vc_row equal_height=&#8221;yes&#8221; content_placement=&#8221;middle&#8221;][vc_column width=&#8221;1\/2&#8243;][vc_column_text css=&#8221;&#8221;]<\/p>\n<h2><em>With the advance of new media communication tools, diplomacy, and specifically cultural diplomacy, is increasingly adopting new dimensions and developing a genuine \u201ccommunicative action.<\/em> (Plavsak 2002, 110)<\/h2>\n<p>[\/vc_column_text][\/vc_column][vc_column width=&#8221;1\/2&#8243;][vc_column_text css=&#8221;&#8221;]Digital Diplomacy is closely connected with Public Diplomacy and even with Cultural Diplomacy, but it also has the tools to influence these two pillars of Traditional Diplomacy. The way that that Diplomats do networking, communicate, collect and process information on Social Media could have an impact on public opinion. Diplomatic actors choose to create a good image and to create a relationship with public (combating hate speech, violence and echo chambers).[\/vc_column_text][\/vc_column][\/vc_row][vc_row type=&#8221;color&#8221; bg_color=&#8221;#F2F2F2&#8243;][vc_column width=&#8221;1\/2&#8243;][vc_single_image image=&#8221;2126&#8243; img_size=&#8221;full&#8221; alignment=&#8221;center&#8221; css=&#8221;&#8221; full_width=&#8221;yes&#8221; box_shadow=&#8221;yes&#8221;][\/vc_column][vc_column width=&#8221;1\/2&#8243;][vc_column_text css=&#8221;&#8221;]<\/p>\n<h3>Soft power is an increasingly important tool of public diplomacy and countries could influence with the elements of their soft power: sports, arts science,tourism and become more attractive. As in present-day, soft power cannot be reduced to an effect, it is one of main sources of effect.<\/h3>\n<p>[\/vc_column_text][vc_column_text css=&#8221;&#8221;]The purpose of Digital Diplomacy is to keep up to date the global audience, to follow the latest international issues and to be as transparent as possible. Through digital tools is also included the way some leaders, officials communicate with other countries or non-governmental organizations.[\/vc_column_text][\/vc_column][\/vc_row][vc_row text_color=&#8221;#FFFFFF&#8221; type=&#8221;image&#8221; bg_gradient=&#8221;yes&#8221; enable_parallax=&#8221;false&#8221; bg_image=&#8221;2130&#8243;][vc_column css=&#8221;.vc_custom_1739125071966{padding-top: 25px !important;padding-bottom: 25px !important;background-color: #34495EE6 !important;background-position: center !important;background-repeat: no-repeat !important;background-size: cover !important;}&#8221;][vc_column_text css=&#8221;&#8221;]<\/p>\n<h3><em>Digital diplomacy does not talk to target groups, rather it addresses target individuals. Digital diplomacy is an effective technique to avoid crises and risks.<\/em> (Bahcesehir, 2013).<\/h3>\n<p>[\/vc_column_text][vc_separator color=&#8221;white&#8221; align=&#8221;align_left&#8221; el_width=&#8221;60&#8243; css=&#8221;&#8221;][vc_row_inner][vc_column_inner width=&#8221;1\/2&#8243;][vc_column_text css=&#8221;&#8221;]The <strong>UK<\/strong> is one of the leading countries when it comes to digital diplomacy. It is the first country to develop a Digital Public Diplomacy strategy.<\/p>\n<p><strong>Sweden<\/strong> has also drawn attention with its digital diplomacy team started in and it has gained a lot of followers in social networks. Many countries now have experts in digital diplomacy who work with their ambassadors.[\/vc_column_text][\/vc_column_inner][vc_column_inner width=&#8221;1\/2&#8243;][vc_column_text css=&#8221;&#8221;]<strong>Israel<\/strong> is one of the most active countries in digital diplomacy. Since the country needed to restore its image due to many incidents which Mavi Marmara is a part of, it decided to move diplomatic relations to online platforms.<\/p>\n<p><strong>If sombody will take into consideration the users number of social media, Facebook would be the third biggest country with its 1.3 billion members.<\/strong>[\/vc_column_text][\/vc_column_inner][\/vc_row_inner][vc_column_text css=&#8221;.vc_custom_1739125138696{padding-top: 25px !important;}&#8221;]Obama is the first president to use Twitter as he sent his first tweet in June 2009. Obama`s most retweeted tweet is the photo of him hugging his wife after he won the elections saying four more years, this tweet was retweeted 749.301 times (Telegraph, 2012).<\/p>\n<p>Twitter is the social media channel of choice for governments and foreign ministries, judging by the number of governments on the platform. Burson-Marsteller\u2019s research team identified 856 Twitter accounts belonging to heads of state and government, and foreign ministers in 178 countries, representing 92 percent of all UN member states, with a combined audience of 356 million followers.[\/vc_column_text][\/vc_column][\/vc_row][vc_row][vc_column][vc_custom_heading text=&#8221;Most-Followed World Leaders&#8221; font_container=&#8221;tag:h2|text_align:left|color:%23111111&#8243; use_theme_fonts=&#8221;yes&#8221; css=&#8221;&#8221;][vc_separator align=&#8221;align_left&#8221; el_width=&#8221;60&#8243; css=&#8221;&#8221;][vc_row_inner][vc_column_inner width=&#8221;2\/3&#8243;][vc_column_text css=&#8221;&#8221;]<\/p>\n<h4>Since the departure of former U.S. President Barack Obama, who was the uncontested political leader of the digital world, Pope Francis (<a href=\"http:\/\/twiplomacy.com\/info\/europe\/vatican\/\">@Pontifex)<\/a>&nbsp;has become the most followed world leader with more than 33.7 million followers on his nine language accounts.<\/h4>\n<h4>U.S. President Donald Trump (<a href=\"http:\/\/twiplomacy.com\/info\/north-america\/united-states\/\">@realDonaldTrump<\/a>) is the second-most followed world leader, with 30.1 million followers on his personal Twitter account. He more than tripled the number of his followers during the election campaign in 2016.<\/h4>\n<p>[\/vc_column_text][\/vc_column_inner][vc_column_inner width=&#8221;1\/3&#8243;][vc_single_image image=&#8221;2143&#8243; img_size=&#8221;200&#215;200&#8243; alignment=&#8221;center&#8221; onclick=&#8221;link_image&#8221; css=&#8221;&#8221;][\/vc_column_inner][\/vc_row_inner][vc_row_inner equal_height=&#8221;yes&#8221; content_placement=&#8221;middle&#8221; css=&#8221;.vc_custom_1739125712187{padding-top: 35px !important;}&#8221;][vc_column_inner width=&#8221;1\/3&#8243;][vc_single_image image=&#8221;2152&#8243; img_size=&#8221;200&#215;200&#8243; alignment=&#8221;center&#8221; onclick=&#8221;link_image&#8221; css=&#8221;&#8221;][\/vc_column_inner][vc_column_inner width=&#8221;2\/3&#8243;][vc_column_text css=&#8221;&#8221;]<\/p>\n<h4>It is good to educate people about big events, summits, international meetings and decisions. The most important leaders on global stage try to seem transparent by publishing important and official decisions on social networks, especially on twitter. Certain pages are being watched by diplomats themselves to find out the news and decisions. Donald Trump is the best example for using Digital Diplomacy, even some named his online diplomacy as \u201cTrump Twitter Diplomacy\u201d. <strong>What is more outrageous than presuming that employees from the presidential administration find information directly on twitter?<\/strong> The fact that he receives replies from other important leaders, on the same platform.<\/h4>\n<h4><strong>Trump big announcements on twitter, and the question of the day: \u201cWhat has Trump tweeted today?\u201d \u2013 became of any other foreign diplomats\u2019 concerns.<\/strong><\/h4>\n<p>[\/vc_column_text][\/vc_column_inner][\/vc_row_inner][\/vc_column][\/vc_row][vc_row type=&#8221;color&#8221; bg_color=&#8221;#F2F2F2&#8243;][vc_column][vc_custom_heading text=&#8221;From tech-ambassadors to online countering terrorism, 2017 showed that digital diplomacy is evolving.&#8221; font_container=&#8221;tag:h2|text_align:left|color:%23111111&#8243; use_theme_fonts=&#8221;yes&#8221; css=&#8221;&#8221;][vc_separator color=&#8221;white&#8221; align=&#8221;align_left&#8221; el_width=&#8221;60&#8243; css=&#8221;&#8221;][vc_row_inner equal_height=&#8221;yes&#8221; content_placement=&#8221;middle&#8221;][vc_column_inner width=&#8221;1\/2&#8243;][vc_column_text css=&#8221;&#8221;]<\/p>\n<h5>It is important to mention that some countries included near the three pillars of diplomacy(public diplomacy, economic diplomacy and cultural diplomacy), the pillar of DIGITAL DIPLOMACY. One of these countries is Denmark.<\/h5>\n<h5>Denmark Created in 2017, the World\u2019s first Ever Digital Ambassador \u2013 the TechAmbassador, and post it to Silicon Valley, Copenhagen and Beijing.<\/h5>\n<h5>In the view of the Danish Government, it was neccessary to establish a formal diplomatic platform in order to engage in dialogue and collaboration on a broad range of topics with the tech-industry. Tech Ambassador Casper Klynge and his global team will therefore work to build strategic partnerships and engage directly with tech-hubs, governments, international organizations, civil society, cities, regions, world-class universities and other stakeholders.<\/h5>\n<p>[\/vc_column_text][\/vc_column_inner][vc_column_inner width=&#8221;1\/2&#8243;][vc_single_image image=&#8221;2158&#8243; img_size=&#8221;full&#8221; alignment=&#8221;center&#8221; css=&#8221;&#8221;][\/vc_column_inner][\/vc_row_inner][\/vc_column][\/vc_row][vc_row][vc_column width=&#8221;1\/2&#8243;][vc_column_text css=&#8221;&#8221;]<\/p>\n<h3>Another initiative which was taken by the Ministries of Foreign Affairs was to develop an application for their citizens, in order to help them and find the information they need quickly.<\/h3>\n<p>[\/vc_column_text][vc_single_image image=&#8221;2165&#8243; img_size=&#8221;full&#8221; alignment=&#8221;center&#8221; css=&#8221;&#8221;][vc_separator align=&#8221;align_left&#8221; el_width=&#8221;60&#8243; css=&#8221;&#8221;][vc_column_text css=&#8221;&#8221;]<\/p>\n<h3>Fake videos with fake massages, that will influence people more and more<br \/>\nEyes Wide Open: Digital World is a Confusing World<\/h3>\n<h4>SUPASORN SUWAJANAKORN, STEVEN M. SEITZ, and IRA KEMELMACHER-SHLIZERMAN from the University of Washington showed us how easy they created an animation that can manipulate a large mass of people.<\/h4>\n<h4>They synthesized a high quality video of Obama speaking with accurate lip sync, composited into a target video clip.<\/h4>\n<p>[\/vc_column_text][vc_single_image image=&#8221;2168&#8243; img_size=&#8221;full&#8221; alignment=&#8221;center&#8221; css=&#8221;&#8221;][\/vc_column][vc_column width=&#8221;1\/2&#8243; css=&#8221;.vc_custom_1739165208793{background-color: #34495E00 !important;background-position: center !important;background-repeat: no-repeat !important;background-size: cover !important;}&#8221;][vc_column_text css=&#8221;&#8221; text_color=&#8221;#FFFFFF&#8221; responsive_font=&#8221;yes&#8221;]<\/p>\n<h2 style=\"text-align: center;\">What are Former diplomats saying about Digital Diplomacy?<\/h2>\n<p>[\/vc_column_text][vc_separator align=&#8221;align_left&#8221; el_width=&#8221;60&#8243; css=&#8221;&#8221;][vc_row_inner][vc_column_inner width=&#8221;1\/3&#8243;][vc_single_image image=&#8221;2178&#8243; img_size=&#8221;full&#8221; alignment=&#8221;center&#8221; css=&#8221;&#8221;][vc_column_text css=&#8221;&#8221;]The former Mexican ambassador to the United States (2007\u201313), Arturo Sarukhan declared:[\/vc_column_text][\/vc_column_inner][vc_column_inner width=&#8221;2\/3&#8243;][vc_column_text css=&#8221;&#8221;]<\/p>\n<blockquote><p><em>When I decided to use these platforms as a digital diplomacy and public diplomacy tool, I certainly made a deliberate decision to use one platform over the other, precisely because I wanted to avoid the perception that my endeavor was anything but driven by Statecraft and street-craft. Nonetheless, I see more and more government agencies and ministries and public officials and politicians using a wider roster of social media tools, Facebook prominently amongst them, to complement reach and impact.<\/em><\/p><\/blockquote>\n<p>[\/vc_column_text][\/vc_column_inner][\/vc_row_inner][vc_separator align=&#8221;align_left&#8221; el_width=&#8221;60&#8243; css=&#8221;&#8221;][vc_row_inner][vc_column_inner width=&#8221;1\/3&#8243;][vc_single_image image=&#8221;2184&#8243; img_size=&#8221;full&#8221; alignment=&#8221;center&#8221; css=&#8221;&#8221;][vc_column_text css=&#8221;&#8221;]He served in the British diplomatic service, with postings in New York, Peking and Madrid.[\/vc_column_text][\/vc_column_inner][vc_column_inner width=&#8221;2\/3&#8243;][vc_column_text css=&#8221;&#8221;]<\/p>\n<blockquote><p><em>Digital Diplomacy must escape its obsession with social media.<\/em><\/p>\n<p><em>The Ambassador blogs, the First Secretary tweets and the Third Secretary is on Facebook mentality will not cut it anymore.<\/em><\/p>\n<p><em>Instead Digital Diplomacy must focus on the four areas in which it can support broader diplomatic strategies: (I) public diplomacy, (II) networking, (III) information gathering &amp; knowledge management, (IV) conflict resolution and mediation; and evolve the technologies, online platforms &amp; tools that can deliver most effectively<\/em><\/p><\/blockquote>\n<p>[\/vc_column_text][\/vc_column_inner][\/vc_row_inner][vc_single_image image=&#8221;2190&#8243; img_size=&#8221;full&#8221; alignment=&#8221;center&#8221; css=&#8221;&#8221; box_shadow=&#8221;yes&#8221;][\/vc_column][\/vc_row][vc_row type=&#8221;color&#8221; bg_color=&#8221;#F2F2F2&#8243;][vc_column][vc_column_text css=&#8221;&#8221;]<\/p>\n<h3>Digital Diplomacy must escape its obsession with social media.<\/h3>\n<p>The Ambassador blogs, the First Secretary tweets and the Third Secretary is on Facebook mentality will not cut it anymore.<\/p>\n<p>Instead Digital Diplomacy must focus on the four areas in which it can support broader diplomatic strategies: (I) public diplomacy, (II) networking, (III) information gathering &amp; knowledge management, (IV) conflict resolution and mediation; and evolve the technologies, online platforms &amp; tools that can deliver most effectively[\/vc_column_text][\/vc_column][\/vc_row]<\/p>\n<\/div>","protected":false},"excerpt":{"rendered":"<p>[vc_row equal_height=&#8221;yes&#8221; content_placement=&#8221;middle&#8221; text_color=&#8221;#ffffff&#8221; type=&#8221;image&#8221; bg_color=&#8221;#34495e&#8221; bg_position_horizontal=&#8221;center&#8221; padding_top=&#8221;100px&#8221; padding_bottom=&#8221;100px&#8221; el_class=&#8221;ov-hidden&#8221; bg_image=&#8221;1086&#8243;][vc_column width=&#8221;1\/3&#8243;][vc_single_image image=&#8221;1810&#8243; img_size=&#8221;full&#8221; alignment=&#8221;center&#8221; onclick=&#8221;zoom&#8221; css=&#8221;&#8221;][\/vc_column][vc_column width=&#8221;1\/3&#8243;][vc_custom_heading text=&#8221;Digital Diplomacy&#8221; font_container=&#8221;tag:h1|font_size:56|text_align:left|color:%23FFFFFF&#8221; use_theme_fonts=&#8221;yes&#8221; css=&#8221;&#8221;][vc_custom_heading text=&#8221;\u2013 a\u0219a cum este perceput \u00een zilele noastre, de majoritatea dintre noi \u2013&#8221; font_container=&#8221;tag:h2|text_align:left|color:%23FFFFFF&#8221; use_theme_fonts=&#8221;yes&#8221; css=&#8221;&#8221;][\/vc_column][vc_column width=&#8221;1\/3&#8243;][vc_column_text css=&#8221;&#8221;]Care sunt beneficiile pentru \u021b\u0103ri de pe urma diploma\u021biei digitale \u00een aceste vremuri incerte \u00een rela\u021biile interna\u021bionale? Diploma\u021bia tradi\u021bional\u0103 conduce [&hellip;]<\/p>\n","protected":false},"author":1,"featured_media":0,"parent":0,"menu_order":0,"comment_status":"closed","ping_status":"closed","template":"page-templates\/full-width.php","meta":{"ngg_post_thumbnail":0,"footnotes":""},"class_list":["post-1679","page","type-page","status-publish","hentry"],"aioseo_notices":[],"_links":{"self":[{"href":"https:\/\/diplomacy360.com\/ro\/wp-json\/wp\/v2\/pages\/1679","targetHints":{"allow":["GET"]}}],"collection":[{"href":"https:\/\/diplomacy360.com\/ro\/wp-json\/wp\/v2\/pages"}],"about":[{"href":"https:\/\/diplomacy360.com\/ro\/wp-json\/wp\/v2\/types\/page"}],"author":[{"embeddable":true,"href":"https:\/\/diplomacy360.com\/ro\/wp-json\/wp\/v2\/users\/1"}],"replies":[{"embeddable":true,"href":"https:\/\/diplomacy360.com\/ro\/wp-json\/wp\/v2\/comments?post=1679"}],"version-history":[{"count":6,"href":"https:\/\/diplomacy360.com\/ro\/wp-json\/wp\/v2\/pages\/1679\/revisions"}],"predecessor-version":[{"id":2196,"href":"https:\/\/diplomacy360.com\/ro\/wp-json\/wp\/v2\/pages\/1679\/revisions\/2196"}],"wp:attachment":[{"href":"https:\/\/diplomacy360.com\/ro\/wp-json\/wp\/v2\/media?parent=1679"}],"curies":[{"name":"wp","href":"https:\/\/api.w.org\/{rel}","templated":true}]}}