{"id":1675,"date":"2025-02-07T10:19:35","date_gmt":"2025-02-07T08:19:35","guid":{"rendered":"https:\/\/dev.diplomacy360.com\/componente\/climate-diplomacy\/"},"modified":"2025-03-22T21:20:41","modified_gmt":"2025-03-22T19:20:41","slug":"climate-diplomacy","status":"publish","type":"page","link":"https:\/\/diplomacy360.com\/ro\/climate-diplomacy\/","title":{"rendered":"Climate Diplomacy"},"content":{"rendered":"<div class=\"wpb-content-wrapper\"><p>[vc_row equal_height=&#8221;yes&#8221; content_placement=&#8221;top&#8221; text_color=&#8221;#ffffff&#8221; type=&#8221;image&#8221; bg_color=&#8221;#34495e&#8221; bg_position_horizontal=&#8221;center&#8221; padding_top=&#8221;100px&#8221; padding_bottom=&#8221;100px&#8221; el_class=&#8221;ov-hidden&#8221; bg_image=&#8221;1086&#8243;][vc_column width=&#8221;1\/3&#8243;][vc_single_image image=&#8221;1790&#8243; img_size=&#8221;full&#8221; alignment=&#8221;center&#8221; onclick=&#8221;zoom&#8221; css=&#8221;&#8221;][\/vc_column][vc_column width=&#8221;1\/3&#8243;][vc_custom_heading text=&#8221;Climate Diplomacy&#8221; font_container=&#8221;tag:h1|font_size:56|text_align:left|color:%23FFFFFF&#8221; use_theme_fonts=&#8221;yes&#8221; css=&#8221;&#8221;][vc_custom_heading text=&#8221;Ce este Climate Diplomacy ?&#8221; font_container=&#8221;tag:h2|text_align:left|color:%23FFFFFF&#8221; use_theme_fonts=&#8221;yes&#8221; css=&#8221;&#8221;][\/vc_column][vc_column width=&#8221;1\/3&#8243;][vc_column_text css=&#8221;&#8221;]Schimb\u0103rile climatice sunt o problem\u0103 global\u0103 \u0219i complex\u0103 care se manifest\u0103 diferit de la stat la stat printr-o varietate de medii regionale, culturale \u0219i socio-economice. Av\u00e2nd \u00een vedere natura global\u0103 a acestei probleme, guvernele \u0219i diploma\u021bii trebuie s\u0103 aib\u0103 un cuv\u00e2nt de spus \u00een acest sens, s\u0103 g\u0103seasc\u0103 un argument conving\u0103tor, s\u0103 creeze parteneriate \u00eentre state \u0219i organiza\u021bii globale pentru a conveni asupra reglement\u0103rilor \u0219i modalit\u0103\u021bilor de combatere a acestei probleme. Pentru a ajunge la o \u00een\u021belegere cuprinz\u0103toare a caracteristicilor problemelor cu care se confrunt\u0103 fiecare zon\u0103 \u0219i pentru a accelera ac\u021biunile \u00een acest sens, este necesar s\u0103 se implice mai mul\u021bi actori relevan\u021bi \u00een societ\u0103\u021bile lor, un dialog \u00eentre regiuni pentru a face schimb de viziuni \u0219i a crea mai multe grupuri de interese. Parteneriatele bilaterale \u0219i multilaterale pot servi drept instrumente importante pentru dep\u0103\u0219irea barierelor.[\/vc_column_text][\/vc_column][\/vc_row][vc_row][vc_column][vc_column_text css=&#8221;&#8221;]<strong>An effective partner ship should include governments \u2013&nbsp;with foreign ministries assuming a core role \u2013 as well as representatives of science, business and civil society.<\/strong> Adelphi, Climate diplomacy- Reducing Risks for Security<\/p>\n<p>Investing in low-carbon technologies is an opportunity for sustainable growth and economic growth. This requires international involvement, awareness and support for technology transfer. To mitigate the impact of climate change, the cooperation between countries is needed, and this involves strengthening the diplomatic network with focus on this issue.<\/p>\n<p>Global climate change is a big risk for both developing and underdeveloped countries. Many fear that climate change will make it impossible for them to provide the necessary resources for the population.<\/p>\n<p>Among the underdeveloped countries facing this problem is South Africa, which has declared that it is in a state of natural disaster, due to the drought in Cape Town, which threatens citizens with disruption of drinking water supplies.<\/p>\n<p>Two of the most important threats that may compromise human security are drinking water (as we mentioned in the example of the current situation in Cape Town) and lack of food resources. Common foreign policies can support strengthening adaptation capacities and disaster preparedness.<\/p>\n<p>Each continent, region and country are in different positions and the consequences of this change will be different and will have a social, political and economic impact. At the same time, their capabilities are different, Asia, Africa and the Middle East face different challenges.[\/vc_column_text][\/vc_column][\/vc_row][vc_row text_color=&#8221;#FFFFFF&#8221; type=&#8221;image&#8221; bg_color=&#8221;#000000A1&#8243; bg_gradient=&#8221;yes&#8221; bg_position=&#8221;center&#8221; bg_position_horizontal=&#8221;center&#8221; enable_parallax=&#8221;false&#8221; bg_image=&#8221;2038&#8243;][vc_column css=&#8221;.vc_custom_1739117369678{padding-top: 35px !important;padding-bottom: 35px !important;background-color: #34495EAD !important;}&#8221;][vc_custom_heading text=&#8221;Where is the link between Climate and Diplomacy?&#8221; font_container=&#8221;tag:h2|text_align:left|color:%23FFFFFF&#8221; use_theme_fonts=&#8221;yes&#8221; css=&#8221;&#8221;][vc_separator color=&#8221;custom&#8221; align=&#8221;align_left&#8221; accent_color=&#8221;#FFFFFF&#8221; el_width=&#8221;60&#8243; css=&#8221;&#8221;][vc_column_text css=&#8221;&#8221;]Climate Diplomacy is a concept that involves geopolitical implications. When it comes to multilateral relations, in a global issue where only a few states are actively involved, diplomacy is the key that can unlock the dispute negotiation mechanism and initiate solutions.[\/vc_column_text][vc_custom_heading text=&#8221;Climate change is a global and complex issue that manifests differently from state to state through a variety of regional, cultural and socio-economic backgrounds.&#8221; font_container=&#8221;tag:h3|text_align:left|color:%23FFFFFF&#8221; use_theme_fonts=&#8221;yes&#8221; css=&#8221;&#8221;][vc_column_text css=&#8221;&#8221;]Bilateral and multilateral partnerships can serve as significant tools for overcoming borders.&nbsp;<strong>Countries should find solutions and combat climate disasters TOGETHER<\/strong>[\/vc_column_text][vc_row_inner][vc_column_inner width=&#8221;1\/2&#8243;][vc_column_text css=&#8221;&#8221;]<strong>Global climate change is a big risk for both developing and least developed countries.<\/strong> Many fear that climate change will make it impossible for them to provide the necessary resources for the population. Among the underdeveloped countries facing this problem is South Africa, which has declared that it is in a state of natural disaster, due to the earth drought in Cape Town, which threatens citizens with disruption of drinking water supplies.[\/vc_column_text][\/vc_column_inner][vc_column_inner width=&#8221;1\/2&#8243;][vc_column_text css=&#8221;&#8221;]<b>Common foreign policies can support strengthening adaptation capacities and disaster preparedness.&nbsp;<\/b>Adaptation to climate change and humanitarian aid is needed.<\/p>\n<p>Each continent, region and country are in different positions and&nbsp;<b>the consequences of this change will be different and will have a social, political and economic impact.&nbsp;<\/b>At the same time, their capabilities are different, Asia, Africa and the Middle East face different challenges.[\/vc_column_text][\/vc_column_inner][\/vc_row_inner][\/vc_column][\/vc_row][vc_row equal_height=&#8221;yes&#8221; content_placement=&#8221;middle&#8221;][vc_column width=&#8221;1\/2&#8243;][vc_custom_heading text=&#8221;\u201cLet us face it: There is no planet B.\u201d said Macron in front of the US Congress&#8221; font_container=&#8221;tag:h1|text_align:left|color:%23111111&#8243; use_theme_fonts=&#8221;yes&#8221; css=&#8221;&#8221;][vc_column_text css=&#8221;&#8221;]Macron in his visit to United States of America this year, urged Trump to keep the US in the Iran nuclear deal, predicted that America would rejoin the&nbsp;<a href=\"https:\/\/www.independent.co.uk\/topic\/paris-climate-change-agreement\">Paris Climate Accord<\/a>&nbsp;and warned against the dangers of nationalism.<\/p>\n<p><b>Will this Climate Agreement continue with or without United States?&nbsp;<\/b>They cannot withdrawal until 2020. &nbsp;Trump&nbsp;will last as president till the&nbsp;end&nbsp;of&nbsp;2019.<\/p>\n<p><strong>Which is the purpose of this Agreement? Will this support also the businesses in this area?<\/strong>&nbsp;There are many questions.[\/vc_column_text][\/vc_column][vc_column width=&#8221;1\/2&#8243;][vc_single_image image=&#8221;2053&#8243; img_size=&#8221;full&#8221; add_caption=&#8221;yes&#8221; alignment=&#8221;center&#8221; css=&#8221;&#8221; full_width=&#8221;yes&#8221;][\/vc_column][\/vc_row][vc_row equal_height=&#8221;yes&#8221; type=&#8221;color&#8221; bg_color=&#8221;#F2F2F2&#8243;][vc_column][vc_row_inner][vc_column_inner width=&#8221;1\/2&#8243;][vc_single_image image=&#8221;2059&#8243; img_size=&#8221;full&#8221; add_caption=&#8221;yes&#8221; alignment=&#8221;center&#8221; css=&#8221;&#8221; full_width=&#8221;yes&#8221;][\/vc_column_inner][vc_column_inner width=&#8221;1\/2&#8243;][vc_column_text css=&#8221;&#8221;]The&nbsp;statement, signed by&nbsp;European Council president Donald Tusk, European Commission president Jean-Claude Juncker and Chinese premier Li Keqiang, also included:<\/p>\n<ul>\n<li>An agreement to&nbsp;release long-term strategies for their low carbon development by&nbsp;2020<\/li>\n<li>Agreement to step up&nbsp;their efforts before 2020;<\/li>\n<\/ul>\n<ul>\n<li>\u201cTriangular\u201d&nbsp;cooperation with developing countries&nbsp;to increase their capacity to combat climate change and build clean energy;<\/li>\n<li>A commitment to exchange knowledge on clean energy and explore the development of interconnecting networks;<\/li>\n<\/ul>\n<p><b>A<\/b><b>delphi<\/b><b>&nbsp;conducted an in-depth analysis jointly with players of German and&nbsp;<\/b><b>international climate&nbsp;<\/b><b>diplomacy<\/b><\/p>\n<p>To address the knowledge gap at the nexus of urbanization, global governance and climate change politics, the German Foreign Office sponsored a workshop with leading thinkers and practitioners. Its recommendations and their implications were published in the report \u201cUrbanization and Climate diplomacy\u201d.[\/vc_column_text][\/vc_column_inner][\/vc_row_inner][vc_column_text css=&#8221;.vc_custom_1739118149148{padding-top: 25px !important;}&#8221;]<\/p>\n<div class=\"ff1\"><span class=\"a\">In cooperation with the German Federal Foreign Of\ufb01ce,&nbsp; Adelphi and its part<\/span><span class=\"a\">ners reached out to stakeholders, experts and organisations through-<\/span><span class=\"a\">out the world over the course of 2011. Hundreds of decision-makers and&nbsp;<\/span><span class=\"a\">experts participat<span class=\"l6\">ed in the events and tens of&nbsp;thousands of citizens joined&nbsp;<\/span><\/span><span class=\"a\">public events during the World Social Forum in Porto Alegre, the Indian Water&nbsp;<\/span><span class=\"a\">Forum in New Delhi, and the Durban climate negotiations. The objectives at&nbsp;<\/span><span class=\"a\">the core of these activities were to share standpoints, jointly identify prior<\/span><span class=\"a\">ities and develop common strategies.<\/span><\/div>\n<p>[\/vc_column_text][\/vc_column][\/vc_row][vc_row][vc_column][vc_row_inner][vc_column_inner width=&#8221;1\/2&#8243;][vc_custom_heading text=&#8221;KEY MESSAGES&#8221; font_container=&#8221;tag:h2|text_align:left|color:%23111111&#8243; use_theme_fonts=&#8221;yes&#8221; css=&#8221;&#8221;][vc_separator color=&#8221;custom&#8221; align=&#8221;align_left&#8221; el_width=&#8221;60&#8243; css=&#8221;&#8221;][vc_column_text css=&#8221;&#8221;]<\/p>\n<div class=\"ff0\"><em><span class=\"a\">\u203a The security implications of climate change are already and increas<\/span><span class=\"a\">ingly challenging the&nbsp;international community<span class=\"l7\">.<\/span><\/span><\/em><\/div>\n<div class=\"ff0\"><em><span class=\"a\">\u203a Efforts to stop climate change have been deficient. The international&nbsp;<\/span><span class=\"a\">community needs to address unavoidable future repercussions of climate&nbsp;<\/span><span class=\"a\">change impacts in the security sphere.<\/span><\/em><\/div>\n<div class=\"ff0\"><em><span class=\"a\">\u203a Sea level rise: Rising seas endanger cities and infrastructure in coastal&nbsp;<\/span><span class=\"a\">regions, where an increasing portion of the world population is located.<\/span><\/em><\/div>\n<div class=\"ff0\"><em><span class=\"a\">\u203a Food security: The possible destabilising effects of food shortages are&nbsp;<\/span><span class=\"a\">already endangering peace and stability in various parts of the world.<\/span><\/em><\/div>\n<div class=\"ff0\"><em><span class=\"a\">\u203a&nbsp;<span class=\"l\">Migration: Climate change may&nbsp;lead to an&nbsp;increase in population&nbsp;<\/span><\/span><span class=\"a\">movements, which are likely to result in tensions in destination areas.<\/span><\/em><\/div>\n<p>[\/vc_column_text][\/vc_column_inner][vc_column_inner width=&#8221;1\/2&#8243;][vc_custom_heading text=&#8221;KEY RECOMMENDATIONS&#8221; font_container=&#8221;tag:h2|text_align:left|color:%23111111&#8243; use_theme_fonts=&#8221;yes&#8221; css=&#8221;&#8221;][vc_separator color=&#8221;custom&#8221; align=&#8221;align_left&#8221; el_width=&#8221;60&#8243; css=&#8221;&#8221;][vc_column_text css=&#8221;&#8221;]<\/p>\n<div class=\"ff0\"><em><span class=\"a\">\u203a Take steps now for urgent action that complements and goes beyond&nbsp;<\/span><span class=\"a\">international climate negotiations. It&nbsp;is important to improve the&nbsp;dial<span class=\"l8\">ogue&nbsp;<\/span><\/span><span class=\"a\">on climate change&nbsp;and security<span class=\"l6\">, build&nbsp;early warning capacities and promote&nbsp;<\/span><\/span><span class=\"a\">partnerships for early action and&nbsp;con\ufb02ict preventio<span class=\"l6\">n.<\/span><\/span><\/em><\/div>\n<div class=\"ff0\"><em><span class=\"a\">\u203a Evaluate the need for&nbsp;a geopolitical change management that takes into&nbsp;<\/span><span class=\"a\">account the effects of changing physical environments on governance&nbsp;<\/span><span class=\"a\">structures.<\/span><\/em><\/div>\n<div class=\"ff0\"><em><span class=\"a\">\u203a Develop guidelines for con\ufb02ict-sensitive adaptation practices,&nbsp;<\/span><span class=\"a\"><span class=\"l6\">initiatives to re\ufb02ect the&nbsp;interests&nbsp;<\/span><\/span><span class=\"a\">of groups most affected by climate change.<\/span><\/em><\/div>\n<div class=\"ff0\"><em><span class=\"a\">\u203a Build capacities to spend climate funds coherently and transparently&nbsp;<\/span><span class=\"a\">with a special view to the governance challenges of fragile countries&nbsp;<\/span><span class=\"a\">and regions.<\/span><\/em><\/div>\n<p>[\/vc_column_text][\/vc_column_inner][\/vc_row_inner][vc_row_inner equal_height=&#8221;yes&#8221; content_placement=&#8221;middle&#8221; css=&#8221;.vc_custom_1739119735647{padding-top: 35px !important;}&#8221;][vc_column_inner width=&#8221;1\/2&#8243;][vc_single_image image=&#8221;2067&#8243; img_size=&#8221;full&#8221; alignment=&#8221;center&#8221; css=&#8221;.vc_custom_1739118537644{padding-top: 35px !important;padding-bottom: 35px !important;}&#8221;][\/vc_column_inner][vc_column_inner width=&#8221;1\/2&#8243;][vc_custom_heading text=&#8221;\u201cClimate change is among the key challenges facing the international community. The impacts of climate change on peace and security are already tangible and will become increasingly evident in the yearsto come.\u201d PETER WITTIG, Permanent Representative of Germany to the United Nations, July 2011&#8243; font_container=&#8221;tag:h3|text_align:left|color:%23111111&#8243; use_theme_fonts=&#8221;yes&#8221; css=&#8221;&#8221;][vc_column_text css=&#8221;&#8221;]<strong>A new climate for peace- G7 take action<\/strong><\/p>\n<p>The Group of 7 has been at the forefront of putting climate-fragility risks on the global agenda.<\/p>\n<p>The aim of the report&nbsp;<i>A new Climate for Peace&nbsp;<\/i>was examine the links between climate change and fragility, and what role foreign policy can should&nbsp; play in order to address these challenges.[\/vc_column_text][\/vc_column_inner][\/vc_row_inner][\/vc_column][\/vc_row]<\/p>\n<\/div>","protected":false},"excerpt":{"rendered":"<p>[vc_row equal_height=&#8221;yes&#8221; content_placement=&#8221;top&#8221; text_color=&#8221;#ffffff&#8221; type=&#8221;image&#8221; bg_color=&#8221;#34495e&#8221; bg_position_horizontal=&#8221;center&#8221; padding_top=&#8221;100px&#8221; padding_bottom=&#8221;100px&#8221; el_class=&#8221;ov-hidden&#8221; bg_image=&#8221;1086&#8243;][vc_column width=&#8221;1\/3&#8243;][vc_single_image image=&#8221;1790&#8243; img_size=&#8221;full&#8221; alignment=&#8221;center&#8221; onclick=&#8221;zoom&#8221; css=&#8221;&#8221;][\/vc_column][vc_column width=&#8221;1\/3&#8243;][vc_custom_heading text=&#8221;Climate Diplomacy&#8221; font_container=&#8221;tag:h1|font_size:56|text_align:left|color:%23FFFFFF&#8221; use_theme_fonts=&#8221;yes&#8221; css=&#8221;&#8221;][vc_custom_heading text=&#8221;Ce este Climate Diplomacy ?&#8221; font_container=&#8221;tag:h2|text_align:left|color:%23FFFFFF&#8221; use_theme_fonts=&#8221;yes&#8221; css=&#8221;&#8221;][\/vc_column][vc_column width=&#8221;1\/3&#8243;][vc_column_text css=&#8221;&#8221;]Schimb\u0103rile climatice sunt o problem\u0103 global\u0103 \u0219i complex\u0103 care se manifest\u0103 diferit de la stat la stat printr-o varietate de medii regionale, culturale \u0219i socio-economice. Av\u00e2nd \u00een vedere [&hellip;]<\/p>\n","protected":false},"author":1,"featured_media":0,"parent":0,"menu_order":0,"comment_status":"closed","ping_status":"closed","template":"page-templates\/full-width.php","meta":{"ngg_post_thumbnail":0,"footnotes":""},"class_list":["post-1675","page","type-page","status-publish","hentry"],"aioseo_notices":[],"_links":{"self":[{"href":"https:\/\/diplomacy360.com\/ro\/wp-json\/wp\/v2\/pages\/1675","targetHints":{"allow":["GET"]}}],"collection":[{"href":"https:\/\/diplomacy360.com\/ro\/wp-json\/wp\/v2\/pages"}],"about":[{"href":"https:\/\/diplomacy360.com\/ro\/wp-json\/wp\/v2\/types\/page"}],"author":[{"embeddable":true,"href":"https:\/\/diplomacy360.com\/ro\/wp-json\/wp\/v2\/users\/1"}],"replies":[{"embeddable":true,"href":"https:\/\/diplomacy360.com\/ro\/wp-json\/wp\/v2\/comments?post=1675"}],"version-history":[{"count":6,"href":"https:\/\/diplomacy360.com\/ro\/wp-json\/wp\/v2\/pages\/1675\/revisions"}],"predecessor-version":[{"id":2086,"href":"https:\/\/diplomacy360.com\/ro\/wp-json\/wp\/v2\/pages\/1675\/revisions\/2086"}],"wp:attachment":[{"href":"https:\/\/diplomacy360.com\/ro\/wp-json\/wp\/v2\/media?parent=1675"}],"curies":[{"name":"wp","href":"https:\/\/api.w.org\/{rel}","templated":true}]}}