{"id":1667,"date":"2025-02-02T15:25:27","date_gmt":"2025-02-02T13:25:27","guid":{"rendered":"https:\/\/dev.diplomacy360.com\/activitati\/"},"modified":"2025-02-14T21:02:50","modified_gmt":"2025-02-14T19:02:50","slug":"activitati","status":"publish","type":"page","link":"https:\/\/diplomacy360.com\/ro\/activitati\/","title":{"rendered":"Activit\u0103\u021bi"},"content":{"rendered":"<div class=\"wpb-content-wrapper\"><p>[vc_row][vc_column]<div class=\"wpb_wrapper\"><div class=\"portfolio-data\" style=\"display: none;\"><input type=\"hidden\" id=\"portfolio-security\" name=\"portfolio-security\" value=\"34f3598032\" \/><input type=\"hidden\" name=\"_wp_http_referer\" value=\"\/ro\/wp-json\/wp\/v2\/pages\/1667\" \/><input type=\"hidden\" name=\"pitem\" value=\"0\"><input type=\"hidden\" name=\"post_id\" value=\"1667\"><\/div><div class=\"portfolio-wrapper\"><ul class=\"portfolio-items responsive-cols kleo-masonry  default-style hide-excerpt per-row-4\">\n\n<li itemscope itemtype=\"http:\/\/schema.org\/CreativeWork\"\n    id=\"post-2024\" class=\" evenimente-trecute porto-thumb post-2024 portfolio type-portfolio status-publish has-post-thumbnail hentry portfolio-category-evenimente-trecute\">\n\n\t<div class=\"portfolio-item-content animated animate-when-almost-visible el-appear\">\t\t\n\t\t<div class=\"portfolio-image\"><a href=\"https:\/\/diplomacy360.com\/ro\/portfolio\/geopolitica-si-diplomatia-tehnologiilor-emergente-si-disruptive\/\" class=\"element-wrap\"><img decoding=\"async\" src=\"https:\/\/diplomacy360.com\/wp-content\/uploads\/2025\/02\/Geopolitica-si-Diplomatia-Tehnologiilor-Emergente-si-Disruptive-1-480x270.jpg\"><span class=\"hover-element\"><i>+<\/i><\/span><\/a><\/div><!--end post-image-->\n\n\t\t<div class=\"portfolio-header\">\n\t\t\t<h3 class=\"post-title\"><a href=\"https:\/\/diplomacy360.com\/ro\/portfolio\/geopolitica-si-diplomatia-tehnologiilor-emergente-si-disruptive\/\">Geopolitica \u0219i Diploma\u021bia Tehnologiilor Emergente \u0219i Disruptive<\/a><\/h3>\n\t\t<\/div><!--end portfolio-header-->\n\n\t\t\n\t\t\n\t\t\t<div class=\"portfolio-info\">\n\t\t\t\t<p> GEOPOLITICA \u0218I DPLOMA\u021aIA TEHNOLOGIILOR EMERGENTE \u0218I DISR...<\/p>\t\t\t<\/div><!--end post-info-->\n\n\t\t\n\t\t\n\t<\/div><!--end post-content-->\n<\/li>\n\n<li itemscope itemtype=\"http:\/\/schema.org\/CreativeWork\"\n    id=\"post-2025\" class=\" evenimente-trecute porto-thumb post-2025 portfolio type-portfolio status-publish has-post-thumbnail hentry portfolio-category-evenimente-trecute\">\n\n\t<div class=\"portfolio-item-content animated animate-when-almost-visible el-appear\">\t\t\n\t\t<div class=\"portfolio-image\"><a href=\"https:\/\/diplomacy360.com\/ro\/portfolio\/cum-poate-diplomatia-sa-puna-capat-unui-razboi\/\" class=\"element-wrap\"><img decoding=\"async\" src=\"https:\/\/diplomacy360.com\/wp-content\/uploads\/2025\/02\/Cum-poate-Diplomatia-sa-puna-capat-unui-razboi-2-480x270.jpeg\"><span class=\"hover-element\"><i>+<\/i><\/span><\/a><\/div><!--end post-image-->\n\n\t\t<div class=\"portfolio-header\">\n\t\t\t<h3 class=\"post-title\"><a href=\"https:\/\/diplomacy360.com\/ro\/portfolio\/cum-poate-diplomatia-sa-puna-capat-unui-razboi\/\">Cum poate Diploma\u021bia s\u0103 pun\u0103 cap\u0103t unui r\u0103zboi<\/a><\/h3>\n\t\t<\/div><!--end portfolio-header-->\n\n\t\t\n\t\t\n\t\t\t<div class=\"portfolio-info\">\n\t\t\t\t<p> Edi\u021bia a VI-a \u2013 4 mai 2022, Constan\u021ba ROM\u00c2NIA \u2013  AGE...<\/p>\t\t\t<\/div><!--end post-info-->\n\n\t\t\n\t\t\n\t<\/div><!--end post-content-->\n<\/li>\n\n<li itemscope itemtype=\"http:\/\/schema.org\/CreativeWork\"\n    id=\"post-2026\" class=\" evenimente-trecute porto-thumb post-2026 portfolio type-portfolio status-publish has-post-thumbnail hentry portfolio-category-evenimente-trecute\">\n\n\t<div class=\"portfolio-item-content animated animate-when-almost-visible el-appear\">\t\t\n\t\t<div class=\"portfolio-image\"><a href=\"https:\/\/diplomacy360.com\/ro\/portfolio\/security-and-prosperity-at-the-black-sea-2021\/\" class=\"element-wrap\"><img decoding=\"async\" src=\"https:\/\/diplomacy360.com\/wp-content\/uploads\/2025\/02\/Securitate-si-Prosperitate-la-Marea-Neagra-480x270.jpeg\"><span class=\"hover-element\"><i>+<\/i><\/span><\/a><\/div><!--end post-image-->\n\n\t\t<div class=\"portfolio-header\">\n\t\t\t<h3 class=\"post-title\"><a href=\"https:\/\/diplomacy360.com\/ro\/portfolio\/security-and-prosperity-at-the-black-sea-2021\/\">Securitate \u0219i Prosperitate la Marea Neagr\u0103<\/a><\/h3>\n\t\t<\/div><!--end portfolio-header-->\n\n\t\t\n\t\t\n\t\t\t<div class=\"portfolio-info\">\n\t\t\t\t<p>text css=&#8221;n&#8221;] 23 septembrie 2021, Hotel Radisson...<\/p>\t\t\t<\/div><!--end post-info-->\n\n\t\t\n\t\t\n\t<\/div><!--end post-content-->\n<\/li>\n\n<li itemscope itemtype=\"http:\/\/schema.org\/CreativeWork\"\n    id=\"post-2027\" class=\" evenimente-trecute porto-thumb post-2027 portfolio type-portfolio status-publish has-post-thumbnail hentry portfolio-category-evenimente-trecute\">\n\n\t<div class=\"portfolio-item-content animated animate-when-almost-visible el-appear\">\t\t\n\t\t<div class=\"portfolio-image\"><a href=\"https:\/\/diplomacy360.com\/ro\/portfolio\/security-and-prosperity-at-the-eastern-border-of-nato-and-the-eu-2019\/\" class=\"element-wrap\"><img decoding=\"async\" src=\"https:\/\/diplomacy360.com\/wp-content\/uploads\/2025\/02\/conf2019-480x270.png\"><span class=\"hover-element\"><i>+<\/i><\/span><\/a><\/div><!--end post-image-->\n\n\t\t<div class=\"portfolio-header\">\n\t\t\t<h3 class=\"post-title\"><a href=\"https:\/\/diplomacy360.com\/ro\/portfolio\/security-and-prosperity-at-the-eastern-border-of-nato-and-the-eu-2019\/\">Security and prosperity at the eastern border of NATO and the EU &#8211; 2019<\/a><\/h3>\n\t\t<\/div><!--end portfolio-header-->\n\n\t\t\n\t\t\n\t\t\t<div class=\"portfolio-info\">\n\t\t\t\t<p> 7th of November 2019, JW Marriott Bucharest \u2013 ROMANIA \u2013...<\/p>\t\t\t<\/div><!--end post-info-->\n\n\t\t\n\t\t\n\t<\/div><!--end post-content-->\n<\/li>\n\n<li itemscope itemtype=\"http:\/\/schema.org\/CreativeWork\"\n    id=\"post-2028\" class=\" evenimente-trecute porto-thumb post-2028 portfolio type-portfolio status-publish has-post-thumbnail hentry portfolio-category-evenimente-trecute\">\n\n\t<div class=\"portfolio-item-content animated animate-when-almost-visible el-appear\">\t\t\n\t\t<div class=\"portfolio-image\"><a href=\"https:\/\/diplomacy360.com\/ro\/portfolio\/business-diplomacy-conference-2018\/\" class=\"element-wrap\"><img decoding=\"async\" src=\"https:\/\/diplomacy360.com\/wp-content\/uploads\/2025\/02\/Diplomacy360-International-Conference-480x270.jpeg\"><span class=\"hover-element\"><i>+<\/i><\/span><\/a><\/div><!--end post-image-->\n\n\t\t<div class=\"portfolio-header\">\n\t\t\t<h3 class=\"post-title\"><a href=\"https:\/\/diplomacy360.com\/ro\/portfolio\/business-diplomacy-conference-2018\/\">Business Diplomacy Conference 2018<\/a><\/h3>\n\t\t<\/div><!--end portfolio-header-->\n\n\t\t\n\t\t\n\t\t\t<div class=\"portfolio-info\">\n\t\t\t\t<p> Diplomacy360\u00a9 Program aims to provide visionary leaders wi...<\/p>\t\t\t<\/div><!--end post-info-->\n\n\t\t\n\t\t\n\t<\/div><!--end post-content-->\n<\/li>\n\n<li itemscope itemtype=\"http:\/\/schema.org\/CreativeWork\"\n    id=\"post-2856\" class=\" evenimente-trecute porto-thumb post-2856 portfolio type-portfolio status-publish has-post-thumbnail hentry portfolio-category-evenimente-trecute\">\n\n\t<div class=\"portfolio-item-content animated animate-when-almost-visible el-appear\">\t\t\n\t\t<div class=\"portfolio-image\"><a href=\"https:\/\/diplomacy360.com\/ro\/portfolio\/the-essentials-of-business-diplomacy\/\" class=\"element-wrap\"><img decoding=\"async\" src=\"https:\/\/diplomacy360.com\/wp-content\/uploads\/2025\/02\/workshop-480x270.jpg\"><span class=\"hover-element\"><i>+<\/i><\/span><\/a><\/div><!--end post-image-->\n\n\t\t<div class=\"portfolio-header\">\n\t\t\t<h3 class=\"post-title\"><a href=\"https:\/\/diplomacy360.com\/ro\/portfolio\/the-essentials-of-business-diplomacy\/\">The Essentials of Business Diplomacy<\/a><\/h3>\n\t\t<\/div><!--end portfolio-header-->\n\n\t\t\n\t\t\n\t\t\t<div class=\"portfolio-info\">\n\t\t\t\t<p> Surviving &amp; Generating New Business in the 21st Century...<\/p>\t\t\t<\/div><!--end post-info-->\n\n\t\t\n\t\t\n\t<\/div><!--end post-content-->\n<\/li>\n\n<li itemscope itemtype=\"http:\/\/schema.org\/CreativeWork\"\n    id=\"post-2029\" class=\" evenimente-trecute porto-thumb post-2029 portfolio type-portfolio status-publish has-post-thumbnail hentry portfolio-category-evenimente-trecute\">\n\n\t<div class=\"portfolio-item-content animated animate-when-almost-visible el-appear\">\t\t\n\t\t<div class=\"portfolio-image\"><a href=\"https:\/\/diplomacy360.com\/ro\/portfolio\/conferinta-internationala-de-diplomatie-in-afaceri\/\" class=\"element-wrap\"><img decoding=\"async\" src=\"https:\/\/diplomacy360.com\/wp-content\/uploads\/2025\/02\/business-diploamcy-conference-2017-480x270.jpeg\"><span class=\"hover-element\"><i>+<\/i><\/span><\/a><\/div><!--end post-image-->\n\n\t\t<div class=\"portfolio-header\">\n\t\t\t<h3 class=\"post-title\"><a href=\"https:\/\/diplomacy360.com\/ro\/portfolio\/conferinta-internationala-de-diplomatie-in-afaceri\/\">Conferin\u021ba Interna\u021bional\u0103 de Diploma\u021bie \u00een Afaceri<\/a><\/h3>\n\t\t<\/div><!--end portfolio-header-->\n\n\t\t\n\t\t\n\t\t\n\t<\/div><!--end post-content-->\n<\/li>\n\n<li itemscope itemtype=\"http:\/\/schema.org\/CreativeWork\"\n    id=\"post-2030\" class=\" evenimente-trecute porto-thumb post-2030 portfolio type-portfolio status-publish has-post-thumbnail hentry portfolio-category-evenimente-trecute\">\n\n\t<div class=\"portfolio-item-content animated animate-when-almost-visible el-appear\">\t\t\n\t\t<div class=\"portfolio-image\"><a href=\"https:\/\/diplomacy360.com\/ro\/portfolio\/prima-conferinta-de-diplomatie-in-afaceri-din-romania\/\" class=\"element-wrap\"><img decoding=\"async\" src=\"https:\/\/diplomacy360.com\/wp-content\/uploads\/2025\/02\/conference2016-480x270.jpg\"><span class=\"hover-element\"><i>+<\/i><\/span><\/a><\/div><!--end post-image-->\n\n\t\t<div class=\"portfolio-header\">\n\t\t\t<h3 class=\"post-title\"><a href=\"https:\/\/diplomacy360.com\/ro\/portfolio\/prima-conferinta-de-diplomatie-in-afaceri-din-romania\/\">Prima Conferin\u021b\u0103 de Diploma\u021bie \u00een Afaceri din Rom\u00e2nia<\/a><\/h3>\n\t\t<\/div><!--end portfolio-header-->\n\n\t\t\n\t\t\n\t\t\t<div class=\"portfolio-info\">\n\t\t\t\t<p> Bursa Rom\u00e2n\u0103 de Afaceri a organizat in premiera nationala...<\/p>\t\t\t<\/div><!--end post-info-->\n\n\t\t\n\t\t\n\t<\/div><!--end post-content-->\n<\/li>\n<\/ul>\n<div class=\"pagination-wrap\"><\/div><\/div><\/div>[\/vc_column][\/vc_row]<\/p>\n<\/div>","protected":false},"excerpt":{"rendered":"<p>[vc_row][vc_column][\/vc_column][\/vc_row]<\/p>\n","protected":false},"author":1,"featured_media":0,"parent":0,"menu_order":0,"comment_status":"closed","ping_status":"closed","template":"page-templates\/full-width.php","meta":{"ngg_post_thumbnail":0,"footnotes":""},"class_list":["post-1667","page","type-page","status-publish","hentry"],"aioseo_notices":[],"_links":{"self":[{"href":"https:\/\/diplomacy360.com\/ro\/wp-json\/wp\/v2\/pages\/1667","targetHints":{"allow":["GET"]}}],"collection":[{"href":"https:\/\/diplomacy360.com\/ro\/wp-json\/wp\/v2\/pages"}],"about":[{"href":"https:\/\/diplomacy360.com\/ro\/wp-json\/wp\/v2\/types\/page"}],"author":[{"embeddable":true,"href":"https:\/\/diplomacy360.com\/ro\/wp-json\/wp\/v2\/users\/1"}],"replies":[{"embeddable":true,"href":"https:\/\/diplomacy360.com\/ro\/wp-json\/wp\/v2\/comments?post=1667"}],"version-history":[{"count":5,"href":"https:\/\/diplomacy360.com\/ro\/wp-json\/wp\/v2\/pages\/1667\/revisions"}],"predecessor-version":[{"id":2370,"href":"https:\/\/diplomacy360.com\/ro\/wp-json\/wp\/v2\/pages\/1667\/revisions\/2370"}],"wp:attachment":[{"href":"https:\/\/diplomacy360.com\/ro\/wp-json\/wp\/v2\/media?parent=1667"}],"curies":[{"name":"wp","href":"https:\/\/api.w.org\/{rel}","templated":true}]}}