{"id":1579,"date":"2025-02-07T16:34:04","date_gmt":"2025-02-07T14:34:04","guid":{"rendered":"https:\/\/dev.diplomacy360.com\/livrare-retur-modalitate-de-plata\/"},"modified":"2025-02-08T12:20:08","modified_gmt":"2025-02-08T10:20:08","slug":"livrare-retur-modalitate-de-plata","status":"publish","type":"page","link":"https:\/\/diplomacy360.com\/ro\/livrare-retur-modalitate-de-plata\/","title":{"rendered":"Livrare, Retur, Modalitate de plat\u0103"},"content":{"rendered":"<div class=\"wpb-content-wrapper\"><p>[vc_row][vc_column][vc_column_text css=&#8221;&#8221;]<\/p>\n<h3>POLITICA DE LIVRARE<\/h3>\n<p>Serviciile\/produsele noastre vor fi livrate \u00een momentul \u00een care a fost anun\u021bat de noi \u00een reclam\u0103. Biletele \u0219i facturile se emit \u00een maxim 5 zile de la confirmarea pl\u0103\u021bii.[\/vc_column_text][\/vc_column][\/vc_row][vc_row][vc_column][vc_column_text css=&#8221;&#8221;]<\/p>\n<h3>POLITICA DE RAMBUR\u0102RI<\/h3>\n<p>In cazul in care din vina noastra serviciul\/produsul nu a putut fi livrat, clientul va primi o rambursare integrala in maxim 30 de zile de la data la care a fost solicitat. Astfel de cereri vor fi trimise la adresa de email club@diplomacy360.com cu indicarea serviciului\/produsului nelivrat din vina noastra.<\/p>\n<p>Solicit\u0103rile de rambursare care nu sunt cauzate de vina noastr\u0103 \u00een livrarea serviciilor\/produselor noastre nu vor fi onorate.[\/vc_column_text][\/vc_column][\/vc_row][vc_row][vc_column][vc_column_text css=&#8221;&#8221;]<\/p>\n<h3>PL\u0102\u021aI<\/h3>\n<p>Pl\u0103\u021bile cu cardul sunt securizate prin procesorul NETOPIA Mobilpay.[\/vc_column_text][\/vc_column][\/vc_row]<\/p>\n<\/div>","protected":false},"excerpt":{"rendered":"<p>[vc_row][vc_column][vc_column_text css=&#8221;&#8221;] POLITICA DE LIVRARE Serviciile\/produsele noastre vor fi livrate \u00een momentul \u00een care a fost anun\u021bat de noi \u00een reclam\u0103. Biletele \u0219i facturile se emit \u00een maxim 5 zile de la confirmarea pl\u0103\u021bii.[\/vc_column_text][\/vc_column][\/vc_row][vc_row][vc_column][vc_column_text css=&#8221;&#8221;] POLITICA DE RAMBUR\u0102RI In cazul in care din vina noastra serviciul\/produsul nu a putut fi livrat, clientul va primi o rambursare integrala in maxim 30 [&hellip;]<\/p>\n","protected":false},"author":1,"featured_media":0,"parent":0,"menu_order":0,"comment_status":"closed","ping_status":"closed","template":"page-templates\/full-width.php","meta":{"ngg_post_thumbnail":0,"footnotes":""},"class_list":["post-1579","page","type-page","status-publish","hentry"],"aioseo_notices":[],"_links":{"self":[{"href":"https:\/\/diplomacy360.com\/ro\/wp-json\/wp\/v2\/pages\/1579","targetHints":{"allow":["GET"]}}],"collection":[{"href":"https:\/\/diplomacy360.com\/ro\/wp-json\/wp\/v2\/pages"}],"about":[{"href":"https:\/\/diplomacy360.com\/ro\/wp-json\/wp\/v2\/types\/page"}],"author":[{"embeddable":true,"href":"https:\/\/diplomacy360.com\/ro\/wp-json\/wp\/v2\/users\/1"}],"replies":[{"embeddable":true,"href":"https:\/\/diplomacy360.com\/ro\/wp-json\/wp\/v2\/comments?post=1579"}],"version-history":[{"count":3,"href":"https:\/\/diplomacy360.com\/ro\/wp-json\/wp\/v2\/pages\/1579\/revisions"}],"predecessor-version":[{"id":1654,"href":"https:\/\/diplomacy360.com\/ro\/wp-json\/wp\/v2\/pages\/1579\/revisions\/1654"}],"wp:attachment":[{"href":"https:\/\/diplomacy360.com\/ro\/wp-json\/wp\/v2\/media?parent=1579"}],"curies":[{"name":"wp","href":"https:\/\/api.w.org\/{rel}","templated":true}]}}