{"id":1554,"date":"2025-02-02T13:08:12","date_gmt":"2025-02-02T11:08:12","guid":{"rendered":"https:\/\/dev.diplomacy360.com\/despre\/"},"modified":"2025-03-03T19:40:01","modified_gmt":"2025-03-03T17:40:01","slug":"despre","status":"publish","type":"page","link":"https:\/\/diplomacy360.com\/ro\/despre\/","title":{"rendered":"Despre"},"content":{"rendered":"<div class=\"wpb-content-wrapper\"><p>[vc_row equal_height=&#8221;yes&#8221; content_placement=&#8221;middle&#8221; type=&#8221;color&#8221; bg_color=&#8221;#f8f8f8&#8243; padding_top=&#8221;100px&#8221; padding_bottom=&#8221;100px&#8221;][vc_column width=&#8221;1\/2&#8243;][vc_column_text css=&#8221;&#8221;]<\/p>\n<h3>Diplomacy360 este o organiza\u021bie non-guvernamental\u0103, non-profit dedicat\u0103 tuturor celor interesa\u021bi de diploma\u021bie \u0219i geopolitic\u0103 \u0219i de modul \u00een care acestea ne afecteaz\u0103 via\u021ba \u00een secolul XXI.<\/h3>\n<h3>\u00cen ultimii 9 ani, think-tank-ul nostru a organizat o serie de conferin\u021be interna\u021bionale, evenimente de business matchmaking, workshop-uri, seminarii \u0219i module de formare pe diferite componente ale Diplomacy360.<\/h3>\n<h3>Diplomacy360 promoveaz\u0103 calea dialogului \u0219i a cooper\u0103rii interna\u021bionale pentru solu\u021bionarea problemelor \u0219i a dezvolt\u0103rii armonioase a societ\u0103\u021bilor \u00een care tr\u0103im.<\/h3>\n<p>[\/vc_column_text][\/vc_column][vc_column width=&#8221;1\/2&#8243;][vc_single_image image=&#8221;1251&#8243; img_size=&#8221;full&#8221; alignment=&#8221;center&#8221; css=&#8221;&#8221; full_width=&#8221;yes&#8221;][\/vc_column][\/vc_row][vc_row text_color=&#8221;#ffffff&#8221; type=&#8221;color&#8221; bg_color=&#8221;#2c3e50&#8243; padding_top=&#8221;100&#8243; padding_bottom=&#8221;100&#8243;][vc_column][vc_row_inner equal_height=&#8221;yes&#8221; content_placement=&#8221;middle&#8221;][vc_column_inner width=&#8221;2\/3&#8243;][vc_column_text css=&#8221;&#8221;]<\/p>\n<h3 style=\"text-align: left;\"><span style=\"color: #ffffff;\"><span style=\"vertical-align: inherit;\"><span style=\"vertical-align: inherit;\"><span style=\"vertical-align: inherit;\"><span style=\"vertical-align: inherit;\"><span style=\"vertical-align: inherit;\"><span style=\"vertical-align: inherit;\"><span style=\"vertical-align: inherit;\"><span style=\"vertical-align: inherit;\"><span style=\"vertical-align: inherit;\"><span style=\"vertical-align: inherit;\">\u00cenc\u0103 din 2015, Diplomacy360\u00a9 aduce \u00eempreun\u0103 la masa dialogului companii, guverne, mediul academic, think-tank-uri \u0219i nu \u00een ultimul r\u00e2nd diploma\u021bi pentru a discuta \u0219i a aborda preocup\u0103rile lor, precum \u0219i pentru a dezvolta proiecte comune.<\/span><\/span><\/span><\/span><\/span><\/span><\/span><\/span><\/span><\/span><\/span><\/h3>\n<h3 style=\"text-align: left;\"><span style=\"color: #ffffff;\"><span style=\"vertical-align: inherit;\"><span style=\"vertical-align: inherit;\"><span style=\"vertical-align: inherit;\"><span style=\"vertical-align: inherit;\"><span style=\"vertical-align: inherit;\"><span style=\"vertical-align: inherit;\"><span style=\"vertical-align: inherit;\"><span style=\"vertical-align: inherit;\"><span style=\"vertical-align: inherit;\"><span style=\"vertical-align: inherit;\">Credem cu t\u0103rie c\u0103 un astfel de dialog \u0219i cooperare \u00eentre lideri interna\u021bionali este \u00een beneficiul reciproc \u0219i contribuie la dezvoltarea unei lumi mai bune \u0219i pa\u0219nice \u00een care societ\u0103\u021bile pot avea o cre\u0219tere sustenabil\u0103 bazat\u0103 pe valorificarea propriilor resurse pe cale colaborativ\u0103.<\/span><\/span><\/span><\/span><\/span><\/span><\/span><\/span><\/span><\/span><\/span><\/h3>\n<h3 style=\"text-align: left;\"><span style=\"color: #ffffff;\"><span style=\"vertical-align: inherit;\"><span style=\"vertical-align: inherit;\"><span style=\"vertical-align: inherit;\"><span style=\"vertical-align: inherit;\"><span style=\"vertical-align: inherit;\"><span style=\"vertical-align: inherit;\"><span style=\"vertical-align: inherit;\"><span style=\"vertical-align: inherit;\"><span style=\"vertical-align: inherit;\"><span style=\"vertical-align: inherit;\">Ambasadori \u0219i \u0219efi de misiune, al\u021bi diploma\u021bi \u0219i oficiali de rang \u00eenalt din peste 40 de \u021b\u0103ri, \u00eempreun\u0103 cu peste 1000 de lideri rom\u00e2ni au contribuit cu expertiza activit\u0103\u021bii organizate de noi.<\/span><\/span><\/span><\/span><\/span><\/span><\/span><\/span><\/span><\/span><\/span><\/h3>\n<p>[\/vc_column_text][\/vc_column_inner][vc_column_inner width=&#8221;1\/3&#8243; css=&#8221;.vc_custom_1738502300075{background-image: url(https:\/\/diplomacy360.com\/wp-content\/uploads\/2025\/02\/Tari-invitate.png?id=1139) !important;background-position: center !important;background-repeat: no-repeat !important;background-size: cover !important;}&#8221;][\/vc_column_inner][\/vc_row_inner][\/vc_column][\/vc_row][vc_row text_align=&#8221;center&#8221; padding_top=&#8221;100px&#8221; padding_bottom=&#8221;100px&#8221; overflow=&#8221;false&#8221;][vc_column][vc_single_image image=&#8221;1136&#8243; img_size=&#8221;full&#8221; alignment=&#8221;center&#8221; css=&#8221;&#8221; full_width=&#8221;yes&#8221; box_shadow=&#8221;yes&#8221;][\/vc_column][\/vc_row][vc_row text_align=&#8221;center&#8221; type=&#8221;color&#8221; bg_color=&#8221;#F2F2F2&#8243; padding_top=&#8221;100&#8243; padding_bottom=&#8221;100&#8243; overflow=&#8221;false&#8221;][vc_column][vc_row_inner equal_height=&#8221;yes&#8221; content_placement=&#8221;middle&#8221; css=&#8221;.vc_custom_1738591203733{border-color: #000000 !important;}&#8221;][vc_column_inner width=&#8221;1\/2&#8243; css=&#8221;.vc_custom_1738590420705{border-color: #34495E !important;}&#8221;][vc_empty_space][vc_single_image image=&#8221;1346&#8243; img_size=&#8221;full&#8221; css=&#8221;&#8221; full_width=&#8221;yes&#8221; box_shadow=&#8221;yes&#8221;][vc_empty_space][vc_custom_heading text=&#8221;Why Join?&#8221; font_container=&#8221;tag:h1|font_size:76|text_align:center|color:%23FFFFFF&#8221; use_theme_fonts=&#8221;yes&#8221; css=&#8221;.vc_custom_1738590864588{padding-top: 25px !important;padding-bottom: 25px !important;background-color: #34495E !important;background-position: center !important;background-repeat: no-repeat !important;background-size: cover !important;border-radius: 2px !important;}&#8221; responsive_font=&#8221;yes&#8221;]<a class=\"btn btn-primary btn-lg\" href=\"#join\">Join<\/a>[\/vc_column_inner][vc_column_inner width=&#8221;1\/2&#8243;][vc_empty_space]<ul class=\"list-unstyled list-divider\" style=\"float:left;\"><li><i class=\"icon-0\"><\/i> \n<h3>Strategic Networking<\/h3>\n<\/li><li><i class=\"icon-0\"><\/i> \n<h3><span class=\"JsGRdQ\">Thematic workshops<\/span><span class=\"JsGRdQ\">&nbsp;related to innovation in 21st diplomacy, geopolitics, business and technology<\/span><\/h3>\n<\/li><li><i class=\"icon-0\"><\/i> \n<h3>Mentoring of senior executives<\/h3>\n<\/li><li><i class=\"icon-0\"><\/i> \n<h3>Exclusive tailor-made services for business executive members and their companies<\/h3>\n<\/li><li><i class=\"icon-0\"><\/i> \n<h3>Country-led programmes to promote Romanian business abroad<\/h3>\n<\/li><li><i class=\"icon-0\"><\/i> \n<h3>Promoting foreign diplomats policy agenda<\/h3>\n<\/li><\/ul>[\/vc_column_inner][\/vc_row_inner]<div  class=\"kleo-gap\" style=\"height:30px;line-height:30px;\"><\/div>[\/vc_column][\/vc_row][vc_row text_align=&#8221;center&#8221; padding_top=&#8221;100&#8243; overflow=&#8221;false&#8221;][vc_column][vc_row_inner equal_height=&#8221;yes&#8221; content_placement=&#8221;middle&#8221; css=&#8221;.vc_custom_1738591203733{border-color: #000000 !important;}&#8221;][vc_column_inner width=&#8221;1\/2&#8243; css=&#8221;.vc_custom_1738590420705{border-color: #34495E !important;}&#8221;][vc_empty_space][vc_column_text css=&#8221;&#8221;]<\/p>\n<h3><strong><span class=\"JsGRdQ\">WHO CAN&nbsp;BECOME A MEMBER<\/span><\/strong><\/h3>\n<h3 class=\"_04xlpA direction-ltr align-center para-style-body\"><strong><span class=\"JsGRdQ\">Institutional members:<\/span><\/strong><span class=\"JsGRdQ\">&nbsp;diplomats, officials, international chamber of commerce, academia<\/span><\/h3>\n<h3 class=\"_04xlpA direction-ltr align-center para-style-body\"><strong><span class=\"JsGRdQ\">Individual:<\/span><\/strong><span class=\"JsGRdQ\">&nbsp;leaders from different sectors who understand that diplomacy can help us all to live in a better world<\/span><\/h3>\n<h3 class=\"_04xlpA direction-ltr align-center para-style-body\"><strong><span class=\"JsGRdQ\">Corporate:<\/span><\/strong><span class=\"JsGRdQ\">&nbsp;Top executives, thought leaders of business community<\/span><\/h3>\n<p>[\/vc_column_text]<a class=\"btn btn-primary btn-lg\" href=\"#join\">Join<\/a>[\/vc_column_inner][vc_column_inner width=&#8221;1\/2&#8243;][vc_empty_space][vc_single_image image=&#8221;1370&#8243; img_size=&#8221;full&#8221; alignment=&#8221;center&#8221; css=&#8221;&#8221; full_width=&#8221;yes&#8221; box_shadow=&#8221;yes&#8221;][\/vc_column_inner][\/vc_row_inner][\/vc_column][\/vc_row][vc_row][vc_column][vc_single_image image=&#8221;1454&#8243; img_size=&#8221;full&#8221; alignment=&#8221;center&#8221; css=&#8221;&#8221; full_width=&#8221;yes&#8221;][\/vc_column][\/vc_row][vc_row el_id=&#8221;join&#8221; text_align=&#8221;center&#8221;][vc_column width=&#8221;1\/2&#8243;][vc_column_text css=&#8221;&#8221;]<\/p>\n<h3 style=\"text-align: center;\">Interested to join the DIPLOMACY360 Club<br \/>\n<strong>REQUEST INVITATION<\/strong><\/h3>\n<p>[\/vc_column_text][vc_single_image image=&#8221;1346&#8243; img_size=&#8221;full&#8221; alignment=&#8221;center&#8221; css=&#8221;&#8221; full_width=&#8221;yes&#8221;][vc_column_text css=&#8221;&#8221;]<\/p>\n<h4 class=\"_04xlpA direction-ltr align-start para-style-body\"><span class=\"JsGRdQ\">2-4 Gara Herastrau St, 7th Floor, Bucharest, ROMANIA<\/span><\/h4>\n<h4 class=\"_04xlpA direction-ltr align-start para-style-body\"><span class=\"JsGRdQ\">Email:&nbsp;club@diplomacy360.com<\/span><\/h4>\n<p>[\/vc_column_text][\/vc_column][vc_column width=&#8221;1\/2&#8243;]\n<div class=\"wpcf7 no-js\" id=\"wpcf7-f1464-o1\" lang=\"en-US\" dir=\"ltr\" data-wpcf7-id=\"1464\">\n<div class=\"screen-reader-response\"><p role=\"status\" aria-live=\"polite\" aria-atomic=\"true\"><\/p> <ul><\/ul><\/div>\n<form action=\"\/ro\/wp-json\/wp\/v2\/pages\/1554#wpcf7-f1464-o1\" method=\"post\" class=\"wpcf7-form init\" aria-label=\"Contact form\" novalidate=\"novalidate\" data-status=\"init\">\n<fieldset class=\"hidden-fields-container\"><input type=\"hidden\" name=\"_wpcf7\" value=\"1464\" \/><input type=\"hidden\" name=\"_wpcf7_version\" value=\"6.1.5\" \/><input type=\"hidden\" name=\"_wpcf7_locale\" value=\"en_US\" \/><input type=\"hidden\" name=\"_wpcf7_unit_tag\" value=\"wpcf7-f1464-o1\" \/><input type=\"hidden\" name=\"_wpcf7_container_post\" value=\"0\" \/><input type=\"hidden\" name=\"_wpcf7_posted_data_hash\" value=\"\" \/>\n<\/fieldset>\n<div class=\"row\">\n\t<div class=\"col-sm-6\">\n\t\t<p><label> Your name<br \/>\n<span class=\"wpcf7-form-control-wrap\" data-name=\"your-name\"><input size=\"40\" maxlength=\"400\" class=\"wpcf7-form-control wpcf7-text wpcf7-validates-as-required\" aria-required=\"true\" aria-invalid=\"false\" value=\"\" type=\"text\" name=\"your-name\" \/><\/span> <\/label>\n\t\t<\/p>\n\t\t<p><label> Organization<br \/>\n<span class=\"wpcf7-form-control-wrap\" data-name=\"your-subject\"><input size=\"40\" maxlength=\"400\" class=\"wpcf7-form-control wpcf7-text wpcf7-validates-as-required\" aria-required=\"true\" aria-invalid=\"false\" value=\"\" type=\"text\" name=\"your-subject\" \/><\/span> <\/label>\n\t\t<\/p>\n\t<\/div>\n\t<div class=\"col-sm-6\">\n\t\t<p><label> Email<br \/>\n<span class=\"wpcf7-form-control-wrap\" data-name=\"your-email\"><input size=\"40\" maxlength=\"400\" class=\"wpcf7-form-control wpcf7-email wpcf7-validates-as-required wpcf7-text wpcf7-validates-as-email\" aria-required=\"true\" aria-invalid=\"false\" value=\"\" type=\"email\" name=\"your-email\" \/><\/span> <\/label>\n\t\t<\/p>\n\t\t<p><label> Phone<br \/>\n<span class=\"wpcf7-form-control-wrap\" data-name=\"phone\"><input size=\"40\" maxlength=\"400\" class=\"wpcf7-form-control wpcf7-tel wpcf7-validates-as-required wpcf7-text wpcf7-validates-as-tel\" aria-required=\"true\" aria-invalid=\"false\" value=\"\" type=\"tel\" name=\"phone\" \/><\/span> <\/label>\n\t\t<\/p>\n\t<\/div>\n<\/div>\n<div class=\"row\">\n\t<p><label> A few words about you or your organization (optional)<br \/>\n<span class=\"wpcf7-form-control-wrap\" data-name=\"your-message\"><textarea cols=\"40\" rows=\"10\" maxlength=\"2000\" class=\"wpcf7-form-control wpcf7-textarea\" aria-invalid=\"false\" name=\"your-message\"><\/textarea><\/span> <\/label>\n\t<\/p>\n<\/div>\n<div class=\"row\">\n\t<p><span class=\"wpcf7-form-control-wrap\" data-name=\"acceptance-418\"><span class=\"wpcf7-form-control wpcf7-acceptance\"><span class=\"wpcf7-list-item\"><label><input type=\"checkbox\" name=\"acceptance-418\" value=\"1\" aria-invalid=\"false\" \/><span class=\"wpcf7-list-item-label\">I agree to the <a href=\"https:\/\/www.diplomacy360.com\/terms-and-conditions\/\">terms and conditions<\/a>\/ <a href=\"https:\/\/www.diplomacy360.com\/privacy-policy\/\">privacy policy<\/a><\/span><\/label><\/span><\/span><\/span>\n\t<\/p>\n<\/div>\n<div class=\"row\">\n\t<p>[aios_captcha]\n\t<\/p>\n<\/div>\n<div class=\"row\">\n\t<p><input class=\"wpcf7-form-control wpcf7-submit has-spinner\" type=\"submit\" value=\"Submit the request to Join\" \/>\n\t<\/p>\n<\/div><div class=\"wpcf7-response-output\" aria-hidden=\"true\"><\/div>\n<\/form>\n<\/div>\n\r\n\t\t\t\t<script>\r\n\t\t\t\tif ( typeof huOptions !== 'undefined' ) {\r\n\t\t\t\t\tvar huFormData = [];\r\n\t\t\t\t\tvar huFormNode = document.querySelector( '[id^=\"wpcf7-f1464-\"] form' );\r\n\r\n\t\t\t\t\thuFormData['node'] = huFormNode;\r\n\t\t\t\t\thuOptions['forms'].push( huFormData );\r\n\t\t\t\t}\r\n\t\t\t\t<\/script>[\/vc_column][\/vc_row][vc_row text_align=&#8221;center&#8221; padding_top=&#8221;100&#8243; padding_bottom=&#8221;100&#8243; border=&#8221;bottom&#8221;][vc_column]\n\t<div  class=\"hr-title hr-full hr-center\" style=\"\"><abbr><i class=\"\"><\/i> Diplomacy 360 - Cine suntem noi? Dialog pentru Rom\u00e2nia<\/abbr><\/div><div  class=\"kleo-gap\" style=\"height:30px;line-height:30px;\"><\/div>[\/vc_column][\/vc_row]<\/p>\n<\/div>","protected":false},"excerpt":{"rendered":"<p>[vc_row equal_height=&#8221;yes&#8221; content_placement=&#8221;middle&#8221; type=&#8221;color&#8221; bg_color=&#8221;#f8f8f8&#8243; padding_top=&#8221;100px&#8221; padding_bottom=&#8221;100px&#8221;][vc_column width=&#8221;1\/2&#8243;][vc_column_text css=&#8221;&#8221;] Diplomacy360 este o organiza\u021bie non-guvernamental\u0103, non-profit dedicat\u0103 tuturor celor interesa\u021bi de diploma\u021bie \u0219i geopolitic\u0103 \u0219i de modul \u00een care acestea ne afecteaz\u0103 via\u021ba \u00een secolul XXI. \u00cen ultimii 9 ani, think-tank-ul nostru a organizat o serie de conferin\u021be interna\u021bionale, evenimente de business matchmaking, workshop-uri, seminarii \u0219i module de formare pe diferite [&hellip;]<\/p>\n","protected":false},"author":1,"featured_media":0,"parent":0,"menu_order":0,"comment_status":"closed","ping_status":"closed","template":"page-templates\/full-width.php","meta":{"ngg_post_thumbnail":0,"footnotes":""},"class_list":["post-1554","page","type-page","status-publish","hentry"],"aioseo_notices":[],"_links":{"self":[{"href":"https:\/\/diplomacy360.com\/ro\/wp-json\/wp\/v2\/pages\/1554","targetHints":{"allow":["GET"]}}],"collection":[{"href":"https:\/\/diplomacy360.com\/ro\/wp-json\/wp\/v2\/pages"}],"about":[{"href":"https:\/\/diplomacy360.com\/ro\/wp-json\/wp\/v2\/types\/page"}],"author":[{"embeddable":true,"href":"https:\/\/diplomacy360.com\/ro\/wp-json\/wp\/v2\/users\/1"}],"replies":[{"embeddable":true,"href":"https:\/\/diplomacy360.com\/ro\/wp-json\/wp\/v2\/comments?post=1554"}],"version-history":[{"count":16,"href":"https:\/\/diplomacy360.com\/ro\/wp-json\/wp\/v2\/pages\/1554\/revisions"}],"predecessor-version":[{"id":2892,"href":"https:\/\/diplomacy360.com\/ro\/wp-json\/wp\/v2\/pages\/1554\/revisions\/2892"}],"wp:attachment":[{"href":"https:\/\/diplomacy360.com\/ro\/wp-json\/wp\/v2\/media?parent=1554"}],"curies":[{"name":"wp","href":"https:\/\/api.w.org\/{rel}","templated":true}]}}