{"id":1550,"date":"2025-02-03T07:20:56","date_gmt":"2025-02-03T05:20:56","guid":{"rendered":"https:\/\/dev.diplomacy360.com\/termeni-si-conditii\/"},"modified":"2025-03-22T21:27:20","modified_gmt":"2025-03-22T19:27:20","slug":"termeni-si-conditii","status":"publish","type":"page","link":"https:\/\/diplomacy360.com\/ro\/termeni-si-conditii\/","title":{"rendered":"Termeni \u0219i condi\u021bii"},"content":{"rendered":"<div class=\"wpb-content-wrapper\"><p>[vc_row][vc_column][vc_column_text css=&#8221;&#8221;]<\/p>\n<h2>TERMENI DE UTILIZARE<\/h2>\n<p>[\/vc_column_text][vc_column_text css=&#8221;&#8221;]Informa\u021biile prezentate pe platforma Diplomacy360 \u2013 https:\/\/diplomacy360.com denumit\u0103 \u00een continuare \u201ePlatforma\u201d, sunt furnizate\/listate fie de c\u0103tre Asociatia DIPLOMACY360, fie de c\u0103tre utilizatorii Platformei sau de diferi\u021bi colaboratori, din dorin\u021ba de a pune la dispozi\u021bie p\u0103r\u021bilor interesate date \u0219i informa\u021bii de interes, inclusiv propuneri de v\u00e2nzare\/cump\u0103rare sau de afaceri de asociere, produse\/servicii sau propuneri de afaceri sau de asociere. finan\u021bare, fuziuni \u0219i achizi\u021bii (m &amp; a), identificarea partenerilor de afaceri din \u021bar\u0103 sau str\u0103in\u0103tate, g\u0103sirea de investitori pentru afaceri etc.<\/p>\n<p>Informa\u021biile din Platform\u0103 nu au valoarea unei cereri sau oferte ferme, a unui sfat profesional sau juridic \u0219i nu \u00eenlocuiesc serviciile de audit sau consultan\u021ba \u00een afaceri, asisten\u021ba juridic\u0103, financiar\u0103 sau alte servicii profesionale de afaceri sau evalu\u0103ri tehnice pe care trebuie s\u0103 le face\u021bi \u00eenainte pentru a v\u0103 conforma oric\u0103rei propuneri de afaceri enumerate. Dac\u0103 sunte\u021bi interesat de servicii profesionale, altele dec\u00e2t promovarea, v\u0103 recomand\u0103m s\u0103 contracta\u021bi serviciile noastre de specialitate. Orice parte interesat\u0103 de propunerile din Platform\u0103 presupune c\u0103 va efectua pe cheltuiala proprie verific\u0103rile \u0219i evalu\u0103rile necesare pentru fundamentarea deciziei \u0219i \u00ee\u0219i va angaja exper\u021bii \u00eenainte de a cump\u0103ra, investi sau vinde.<\/p>\n<p>Asociatia DIPLOMACY360 nu \u00ee\u0219i asum\u0103 nicio responsabilitate sau obliga\u021bie legal\u0103 cu privire la datele \u0219i informa\u021biile \u0219i articolele publicate pe Platform\u0103. Utilizatorii sau colaboratorii care public\u0103 materiale pe site, sau listeaz\u0103 propuneri de afaceri, imagini sau alte informa\u021bii pe Platform\u0103, \u00ee\u0219i asum\u0103 \u00eentreaga responsabilitate legal\u0103 c\u0103 de\u021bin acest drept legal ob\u021binut de la entitatea \u00een numele c\u0103reia fac acest lucru \u0219i de\u021bin drepturile de autor pentru care public\u0103. Asociatia DIPLOMACY360 poate solicita utilizatorilor s\u0103 fac\u0103 dovada acestui drept.<\/p>\n<p>Avand in vedere factorii tehnologici, Asociatia DIPLOMACY360 nu garanteaza si nici nu garanteaza ca Platforma nu va avea intreruperi, intarzieri, erori, omisiuni sau virusi in sensul ca datele, informatiile, listarile, articolele sunt furnizate fara garantie, expres sau implicit, incluzand, dar fara a se limita la acuratetea, actualitatea si\/sau caracterul complet al informatiilor furnizate.<\/p>\n<p>Asociatia DIPLOMACY360, nu \u00ee\u0219i asum\u0103 nicio responsabilitate pentru pierderea utiliz\u0103rii, datelor sau profiturilor), indiferent de forma ac\u021biunii respective, incluz\u00e2nd, dar f\u0103r\u0103 a se limita la ac\u021biuni contractuale, neglijen\u021b\u0103 sau acte delictuale care decurg din sau \u00een leg\u0103tur\u0103 cu Platforma, orice con\u021binut de pe Platform\u0103 sau accesat prin utilizarea Platformei, sau din copierea, postarea sau alte utiliz\u0103ri non-comerciale ale acesteia. Persoanele care se simt v\u0103t\u0103mate \u00een vreun fel de oricare dintre reclamele sau con\u021binutul de pe Platform\u0103, vor dovedi c\u0103 sunt v\u0103t\u0103mate \u0219i trebuie s\u0103 \u00ee\u0219i dovedeasc\u0103 drepturile sau s\u0103-\u0219i justifice cererea \u0219i pot solicita \u0219tergerea anun\u021bului pe aceast\u0103 baz\u0103. respectiv \u2013 \u00een cazul \u00een care nu o pot face direct. Asociatia DIPLOMACY360 va analiza cererile si le va solutiona intr-un timp rezonabil.<\/p>\n<p>Unele informa\u021bii publicate pe Platform\u0103 se pot referi uneori la alte site-uri web interne \u0219i\/sau externe, aceste link-uri fiind furnizate de diplomacy360.com ca o facilitate pentru utilizatorii no\u0219tri \u0219i au un scop strict informativ. Asociatia DIPLOMACY360 nu controleaz\u0103 \u0219i nu este responsabil pentru niciunul dintre aceste site-uri web sau pentru con\u021binutul acestora \u0219i nu poate garanta \u00een niciun fel c\u0103 aceste link-uri nu se vor schimba \u00een timp. Pentru a-\u0219i proteja reputa\u021bia \u0219i m\u0103rcile comerciale, Asociatia DIPLOMACY360 \u00ee\u0219i rezerv\u0103 dreptul de a solicita \u00een orice moment eliminarea oric\u0103rui link de pe sau c\u0103tre Platform\u0103. De asemenea, Asociatia DIPLOMACY360 poate sterge si\/sau nu publica pe Platforma datele de contact ale celor care au enumerat cererile\/oportunitatile de afaceri.<\/p>\n<p>Deoarece orice con\u021binut proprietar al Platformei Diplomacy360 este protejat de drepturi de autor \u0219i alte drepturi de proprietate intelectual\u0103, orice utilizare neautorizat\u0103 de c\u0103tre al\u021bii a oric\u0103ror list\u0103ri\/date personale\/informa\u021bii de orice fel de pe Platform\u0103 poate duce la \u00eenc\u0103lcarea drepturilor de autor, m\u0103rcilor comerciale, a legisla\u021biei privind protec\u021bia persoanelor cu privire la prelucrarea datelor cu caracter personal sau a altor legi \u00een vigoare.<\/p>\n<p>Dac\u0103 un utilizator descarc\u0103 materiale de pe Platforma Diplomacy360 pentru uz personal sau necomercial, utilizatorul trebuie s\u0103 p\u0103streze sigla Diplomacy360 \u0219i datele noastre de contact \u0219i toate drepturile de autor, m\u0103rcile comerciale \u0219i alte texte similare de pe materialele originale sau orice copii ale acestor materiale. Materialele de pe Platform\u0103 nu pot fi modificate, reproduse, afi\u0219ate public, distribuite sau utilizate \u00een scopuri publice sau comerciale f\u0103r\u0103 acordul prealabil, expres, \u00een scris al Asociatiei DIPLOMACY360.<\/p>\n<p>Asociatia DIPLOMACY360 nu \u00ee\u0219i asum\u0103 niciun risc, responsabilitate sau obliga\u021bie \u00een cazul \u00een care un utilizator nu ob\u021bine o astfel de permisiune prealabil\u0103 explicit\u0103 \u00een scris din partea noastr\u0103.<\/p>\n<p>Diplomacy360 \u0219i logo-ul Diplomacy360 sunt m\u0103rci comerciale \u00eenregistrate. Utilizarea acestor m\u0103rci necesit\u0103 acordul prealabil expres al Asociatia DIPLOMACY360. Utilizarea neautorizat\u0103 a acestora \u0219i a oric\u0103ror alte m\u0103rci \u00eenregistrate \u00een portofoliul Asociatia DIPLOMACY360 se va pedepsi conform legilor Rom\u00e2niei \u0219i UE.<\/p>\n<p>Leg\u0103turile c\u0103tre sau de la Site sunt interzise \u00een mod expres f\u0103r\u0103 acordul scris al proprietarului site-ului sau care implic\u0103 utilizarea neautorizat\u0103 a siglei Diplomacy360 \u0219i\/sau \u00eencalc\u0103 identitatea vizual\u0103, m\u0103rcile comerciale \u0219i drepturile de autor.<\/p>\n<p>Asociatia DIPLOMACY360 \u00ee\u0219i rezerv\u0103 dreptul de a selecta materialele, datele \u0219i informa\u021biile prezentate \u00een Platform\u0103 \u0219i de a refuza publicarea materialelor primite, \u00ee\u0219i rezerv\u0103 dreptul de a publica materialele \u00een forma \u0219i cu con\u021binutul dorit, de a modifica, ad\u0103uga link-uri, \u00eenlocui \u0219i\/sau \u0219terge orice con\u021binut de pe Platform\u0103 \u0219i poate restric\u021biona accesul utilizatorilor la Platform\u0103 sau poate suspenda activitatea \u0219i\/sau distribuirea fluxurilor de date c\u0103tre \u0219i dinspre Platform\u0103 \u00een orice moment, la discre\u021bia sa \u0219i f\u0103r\u0103 notificare.<\/p>\n<p>Diplomacy360 nu garanteaz\u0103 oric\u0103rui utilizator care manifest\u0103 interes pentru oricare dintre \u00eenregistr\u0103rile din Platform\u0103 c\u0103 proprietarul list\u0103rii va r\u0103spunde. Este decizia fiec\u0103ruia s\u0103 r\u0103spund\u0103 la mesaje sau la apeluri telefonice, dup\u0103 caz. Pentru a cre\u0219te rata de r\u0103spuns, recomand\u0103m utilizatorilor, \u00een mesajul de interes, s\u0103 furnizeze detaliile necesare \u00eentr-o manier\u0103 serioas\u0103 \u0219i profesionist\u0103, pentru ca cel\u0103lalt utilizator s\u0103 aib\u0103 motive s\u0103 r\u0103spund\u0103. Mesajele precum \u201eSunt interesat\u201d sau \u201eVreau mai multe detalii\u201d \u2013 ne\u00eenso\u021bite de o descriere a interesului, de obicei nu sunt luate \u00een serios, deoarece sunt destul de generale.<\/p>\n<p>Este responsabilitatea exclusiv\u0103 a proprietarilor de \u00eenregistrare s\u0103 le gestioneze, s\u0103 le actualizeze \u0219i s\u0103 le \u0219terg\u0103 dac\u0103 nu mai sunt valabile.<\/p>\n<p>Utilizatorii sunt singurii responsabili pentru informa\u021biile pe care le furnizeaz\u0103, \u00een profilurile lor profesionale\/de afaceri, mesajele pe care le transmit prin intermediul Platformei sau \u00een solicit\u0103rile\/cererile de detalii pe care le fac prin intermediul acesteia. Asociatia DIPLOMACY360 nu are obliga\u021bia de a verifica aceste aspecte.<\/p>\n<p><strong>CONTACT:<\/strong><br \/>\nAsociatia DIPLOMACY360<br \/>\nStr Ciacova nr 5, Sector 1 Bucuresti, ROMANIA<br \/>\nCIF: 45841178<br \/>\n+4 0212665677<br \/>\nclub@diplomacy360.com[\/vc_column_text][vc_column_text css=&#8221;&#8221;]<\/p>\n<h4><a href=\"https:\/\/diplomacy360.com\/ro\/livrare-retur-modalitate-de-plata\/\">Livrare \/&nbsp;Retur\/ Modalitate de plat\u0103<\/a><\/h4>\n<p>[\/vc_column_text][\/vc_column][\/vc_row]<\/p>\n<\/div>","protected":false},"excerpt":{"rendered":"<p>[vc_row][vc_column][vc_column_text css=&#8221;&#8221;] TERMENI DE UTILIZARE [\/vc_column_text][vc_column_text css=&#8221;&#8221;]Informa\u021biile prezentate pe platforma Diplomacy360 \u2013 https:\/\/diplomacy360.com denumit\u0103 \u00een continuare \u201ePlatforma\u201d, sunt furnizate\/listate fie de c\u0103tre Asociatia DIPLOMACY360, fie de c\u0103tre utilizatorii Platformei sau de diferi\u021bi colaboratori, din dorin\u021ba de a pune la dispozi\u021bie p\u0103r\u021bilor interesate date \u0219i informa\u021bii de interes, inclusiv propuneri de v\u00e2nzare\/cump\u0103rare sau de afaceri de asociere, produse\/servicii sau propuneri de [&hellip;]<\/p>\n","protected":false},"author":1,"featured_media":0,"parent":0,"menu_order":0,"comment_status":"closed","ping_status":"closed","template":"page-templates\/full-width.php","meta":{"ngg_post_thumbnail":0,"footnotes":""},"class_list":["post-1550","page","type-page","status-publish","hentry"],"aioseo_notices":[],"_links":{"self":[{"href":"https:\/\/diplomacy360.com\/ro\/wp-json\/wp\/v2\/pages\/1550","targetHints":{"allow":["GET"]}}],"collection":[{"href":"https:\/\/diplomacy360.com\/ro\/wp-json\/wp\/v2\/pages"}],"about":[{"href":"https:\/\/diplomacy360.com\/ro\/wp-json\/wp\/v2\/types\/page"}],"author":[{"embeddable":true,"href":"https:\/\/diplomacy360.com\/ro\/wp-json\/wp\/v2\/users\/1"}],"replies":[{"embeddable":true,"href":"https:\/\/diplomacy360.com\/ro\/wp-json\/wp\/v2\/comments?post=1550"}],"version-history":[{"count":7,"href":"https:\/\/diplomacy360.com\/ro\/wp-json\/wp\/v2\/pages\/1550\/revisions"}],"predecessor-version":[{"id":2319,"href":"https:\/\/diplomacy360.com\/ro\/wp-json\/wp\/v2\/pages\/1550\/revisions\/2319"}],"wp:attachment":[{"href":"https:\/\/diplomacy360.com\/ro\/wp-json\/wp\/v2\/media?parent=1550"}],"curies":[{"name":"wp","href":"https:\/\/api.w.org\/{rel}","templated":true}]}}