{"id":1548,"date":"2025-02-02T07:57:50","date_gmt":"2025-02-02T05:57:50","guid":{"rendered":"https:\/\/dev.diplomacy360.com\/politica-de-confidentialitate\/"},"modified":"2025-03-22T21:26:15","modified_gmt":"2025-03-22T19:26:15","slug":"politica-de-confidentialitate","status":"publish","type":"page","link":"https:\/\/diplomacy360.com\/ro\/politica-de-confidentialitate\/","title":{"rendered":"Politica de confiden\u021bialitate"},"content":{"rendered":"<div class=\"wpb-content-wrapper\"><p>[vc_row][vc_column][vc_column_text css=&#8221;&#8221;]<\/p>\n<h3>Nota de informare privind prelucrarea datelor cu caracter personal ale vizitatorilor site-ului www.diplomacy360.com colectate de Asociatia DIPLOMACY360.<\/h3>\n<p>[\/vc_column_text][vc_column_text css=&#8221;&#8221;]<\/p>\n<h3>I. Informa\u021bii generale<\/h3>\n<p>Asociatia DIPLOMACY360 reprezint\u0103 operatorul \u00een conformitate cu Regulamentul \u0219i prin urmare, suntem responsabili pentru prelucrarea datelor personale colectate de la dumneavoastr\u0103. Pentru \u00eentreb\u0103ri sau solicit\u0103ri privind prelucrarea datelor, v\u0103 rug\u0103m s\u0103 ne contacta\u021bi la adresa sediului social sau pe email la adresa office@rbe.ro<br \/>\nConfiden\u021bialitatea datelor dumneavoastr\u0103 cu caracter personal reprezint\u0103 una dintre preocup\u0103rile principale ale Asociatia DIPLOMACY360 S.A., Str Ciacova nr 5, Sector 1 Bucuresti, ROMANIA, Telefon +4 0212665677<br \/>\nAcest document are rolul de a v\u0103 informa cu privire la prelucrarea datelor dumneavoastr\u0103 cu caracter personal, \u00een contextul utiliz\u0103rii paginii de internet www.diplomacy360.com[\/vc_column_text][vc_column_text css=&#8221;&#8221;]<\/p>\n<h3>II. Categoriile de date cu caracter personal prelucrate<\/h3>\n<p>Dac\u0103 sunte\u021bi vizitator al Site-ului www.diplomacy360.com,Asociatia DIPLOMACY360 va prelucra datele dumneavoastr\u0103 cu caracter personal pe care le furniza\u021bi \u00een mod direct \u00een contextul utiliz\u0103rii Site-ului, cum ar fi datele pe care le furniza\u021bi \u00een cadrul sec\u021biunii de contact precum si date referitoare la modul \u00een care utiliza\u021bi Site-ul.[\/vc_column_text][vc_column_text css=&#8221;&#8221;]<\/p>\n<h3>III. Scopurile \u0219i temeiurile de prelucr\u0103rii<\/h3>\n<p>Dac\u0103 sunte\u021bi vizitator al Site-ului, Asociatia DIPLOMACY360 prelucreaz\u0103 datele dumneavoastr\u0103 cu caracter personal astfel:<\/p>\n<ul>\n<li>pentru activit\u0103\u0163i de marketing, respectiv pentru transmiterea, prin intermediul mijloacelor de comunicare la distan\u0163\u0103 (e-mail, sms), de comunic\u0103ri comerciale privind produsele \u015fi serviciile oferite de Asociatia DIPLOMACY360<\/li>\n<\/ul>\n<p>V\u0103 pute\u021bi exprima consim\u021b\u0103m\u00e2ntul pentru prelucrarea datelor \u00een acest scop prin completarea \u0219i bifarea c\u0103su\u021bei corespunz\u0103toare din formularul pentru abonarea la newsletter disponibil pe Site. Pentru dezabonarea de la primirea unor astfel de comunic\u0103ri comerciale pute\u021bi folosi op\u0163iunea de la finalul fiec\u0103rui e-mail\/ sms con\u0163in\u00e2nd comunic\u0103ri comerciale.<br \/>\nFurnizarea datelor dumneavoastr\u0103 \u00een acest scop este voluntar\u0103. Refuzul furniz\u0103rii consim\u021b\u0103m\u00e2ntului pentru prelucrarea datelor dumneavoastr\u0103 \u00een acest scop nu va avea urm\u0103ri negative pentru dumneavoastr\u0103.<\/p>\n<ul>\n<li>\u00een scopul efectu\u0103rii diverselor analize, raport\u0103ri privind modul de func\u021bionare a Site-ului, \u00een vederea \u00eembun\u0103t\u0103\u0163iri experien\u021bei oferite pe Site.<\/li>\n<li>pentru rezolvarea pl\u00e2ngerilor, reclama\u0163iilor \u015fi pentru a monitoriza traficul \u0219i a \u00eembun\u0103t\u0103\u0163ii experien\u021ba dumneavoastr\u0103 oferit\u0103 pe Site.<\/li>\n<\/ul>\n<p>[\/vc_column_text][vc_column_text css=&#8221;&#8221;]<\/p>\n<h3>IV. Durata pentru care v\u0103 prelucr\u0103m datele<\/h3>\n<p>Asociatia DIPLOMACY360 va prelucra datele dumneavoastr\u0103 cu caracter personal doar at\u00e2t c\u00e2t este necesar pentru realizarea scopurilor de prelucrare men\u021bionate mai sus.<br \/>\nDatele personale in scop de marketing vor fi prelucrate pe perioada valabilitatii consimtamantului dumneavoastra, respectiv pana la data retragerii acestuia.<br \/>\nDac\u0103 v\u0103 retrage\u021bi consim\u021b\u0103m\u00e2ntul pentru prelucrarea datelor \u00een scop de marketing, Asociatia DIPLOMACY360 va \u00eenceta prelucrarea datelor dumneavoastr\u0103 cu caracter personal \u00een acest scop, f\u0103r\u0103 \u00eens\u0103 a afecta prelucr\u0103rile desf\u0103\u0219urate anterior pe baza consim\u021b\u0103m\u00e2ntului exprimat de c\u0103tre dumneavoastr\u0103 \u00eenainte de retragerea acestuia.[\/vc_column_text][vc_column_text css=&#8221;&#8221;]<\/p>\n<h3>V. Dezv\u0103luirea datelor cu caracter personal<\/h3>\n<p>Pentru \u00eendeplinirea scopurilor de prelucrare, Asociatia DIPLOMACY360 poate dezv\u0103lui datele dumneavoastr\u0103 c\u0103tre parteneri sau ter\u021be persoane care ne sprijin\u0103 \u00een desf\u0103\u0219urarea activit\u0103\u021bii prin intermediul Site-ului (de exemplu&nbsp; furnizori de servicii IT), ori c\u0103tre autorit\u0103\u021bile publice centrale\/locale, \u00een urm\u0103toarele cazuri exemplificativ enumerate:<\/p>\n<ul>\n<li>pentru administrarea Site-ului;<\/li>\n<li>pentru men\u021binerea, personalizarea \u0219i \u00eembun\u0103t\u0103\u021birea Site-ului \u0219i a serviciilor derulate prin intermediul lui;<\/li>\n<li>pentru efectuarea analizei datelor, testarea \u0219i cercetarea, monitorizarea tendin\u021belor de utilizare \u0219i activitate, dezvoltarea caracteristicilor de siguran\u021b\u0103 \u0219i autentificarea utilizatorilor;<\/li>\n<li>pentru transmiterea de comunic\u0103ri comerciale de marketing, \u00een condi\u021biile \u0219i limitele prev\u0103zute de lege;<\/li>\n<li>atunci c\u00e2nd dezv\u0103luirea datelor cu caracter personal este prev\u0103zut\u0103 de lege etc.<\/li>\n<\/ul>\n<p>[\/vc_column_text][vc_column_text css=&#8221;&#8221;]<\/p>\n<h3>VI. Transferul datelor cu caracter personal<\/h3>\n<p>Datele cu caracter personal furnizate de dumneavoastra c\u0103tre Asociatia DIPLOMACY360 nu vor fi transferate catre tari terte din afara Uniunii Europene sau catre organizatii internationale.[\/vc_column_text][vc_column_text css=&#8221;&#8221;]<\/p>\n<h3>VII. Drepturile de care beneficia\u021bi<\/h3>\n<p>\u00cen condi\u021biile prev\u0103zute de legisla\u021bia \u00een materia prelucr\u0103rii datelor cu caracter personal, \u00een calitate de persoane vizate, beneficia\u021bi de urm\u0103toarele drepturi:<br \/>\n<strong>Dreptul la informare<\/strong>, respectiv dreptul de a primi detalii privind activit\u0103\u021bile de prelucrare a datelor cu caracter personal , conform celor descrise mai sus;<br \/>\n<strong>Dreptul de acces la date<\/strong>, respectiv dreptul de a ob\u021bine confirmarea din partea Asociatia DIPLOMACY360 cu privire la prelucrarea datelor cu caracter personal, precum \u0219i detalii privind activit\u0103\u021bile de prelucrare precum modalitatea \u00een care sunt prelucrate datele, scopul \u00een care se face prelucrarea, destinatarii sau categoriile de destinatari ai datelor, etc;<br \/>\n<strong>Dreptul la rectificare<\/strong>, respectiv dreptul de a ob\u021bine corectarea, f\u0103r\u0103 \u00eent\u00e2rzieri justificate, de c\u0103tre Asociatia DIPLOMACY360 a datelor cu caracter personal inexacte\/ nejustificate, precum \u0219i completarea datelor incomplete; Rectificarea\/ completarea va fi comunicat\u0103 fiec\u0103rui destinatar la care au fost transmise datele, cu excep\u021bia cazului \u00een care acest lucru se dovede\u0219te imposibil sau presupune eforturi dispropor\u021bionate.<br \/>\n<strong>Dreptul la \u0219tergerea datelor<\/strong>, f\u0103r\u0103 \u00eent\u00e2rzieri nejustificate, (\u201edreptul de a fi uitat\u201d), \u00een cazul in care se aplic\u0103 unul dintre urm\u0103toarele motive:<\/p>\n<ul>\n<li>acestea nu mai sunt necesare pentru \u00eendeplinirea scopurilor pentru care au fost colectate sau prelucrate;<\/li>\n<li>\u00een cazul \u00een care este retras consim\u021b\u0103m\u00e2ntul \u0219i nu exist\u0103 niciun alt temei juridic pentru prelucrare;<\/li>\n<li>\u00een cazul \u00een care persoana vizat\u0103 se opune prelucr\u0103rii \u0219i nu exist\u0103 motive legitime care s\u0103 prevaleze;<\/li>\n<li>\u00een cazul \u00een care datele cu caracter personal au fost prelucrate ilegal;<\/li>\n<li>\u00een cazul \u00een care datele cu caracter personal trebuie \u0219terse pentru respectarea unei obliga\u021bii legale;<\/li>\n<\/ul>\n<p><strong>Dreptul la restric\u021bionarea prelucr\u0103rii<\/strong>&nbsp;\u00een m\u0103sura \u00een care :<\/p>\n<ul>\n<li>persoana contest\u0103 exactitatea datelor, pe o perioad\u0103 care ne permite verificarea corectitudinii datelor;<\/li>\n<li>prelucrarea este ilegal\u0103, iar persoana vizat\u0103 se opune \u0219tergerii datelor cu caracter personal, solicit\u00e2nd \u00een schimb restric\u021bionarea utiliz\u0103rii lor;<\/li>\n<li>operatorul nu mai are nevoie de datele cu caracter personal \u00een scopul prelucr\u0103rii, dar persoana vizat\u0103 i le solicit\u0103 pentru constatarea, exercitarea sau ap\u0103rarea unui drept \u00een instan\u021b\u0103; sau<\/li>\n<li>persoana vizat\u0103 s-a opus prelucr\u0103rii (altele dec\u00e2t cele de marketing direct), pentru intervalul de timp \u00een care se verific\u0103 dac\u0103 drepturile legitime ale operatorului prevaleaz\u0103 asupra celor ale persoanei vizate.<\/li>\n<\/ul>\n<p><strong>Dreptul la portabilitatea datelor<\/strong>, respectiv (i) dreptul de a primi datele cu caracter personal \u00eentr-o modalitate structurat\u0103, folosit\u0103 \u00een mod obi\u0219nuit \u0219i \u00eentr-un format u\u0219or de citit, precum \u0219i (ii) dreptul ca aceste date s\u0103 fie transmise de c\u0103tre Asociatia DIPLOMACY360 c\u0103tre alt operator de date, \u00een m\u0103sura \u00een care sunt \u00eendeplinite condi\u021biile prev\u0103zute de lege;<br \/>\n<strong>Dreptul la opozi\u021bie<\/strong>&nbsp;\u2013 \u00een ceea ce prive\u0219te activit\u0103\u021bile de prelucrare se poate exercita prin transmiterea unei solicit\u0103ri conform celor indicate mai jos:<\/p>\n<ul>\n<li>\u00een orice moment, din motive legate de situa\u021bia particular\u0103 a fiecarei persoane, cu excep\u021bia cazurilor \u00een care Asociatia DIPLOMACY360 poate demonstra c\u0103 are motive legitime \u0219i imperioase care justific\u0103 prelucarea \u0219i care prevaleaz\u0103 asupra intereselor, drepturilor \u0219i libert\u0103\u021bilor persoanelor vizate sau c\u0103 scopul este constatarea, exercitarea sau apararea unui drept \u00een instan\u021b\u0103;<\/li>\n<li>\u00een orice moment, \u00een mod gratuit \u0219i f\u0103r\u0103 nicio justificare, daca datele care va vizeaza sunt prelucrate \u00een scop de marketing direct, daca decideti retragerea consimtamantului.<\/li>\n<\/ul>\n<p><strong>Dreptul de a nu fi supus unei decizii individuale automate<\/strong>, respectiv dreptul de a nu fi subiectul unei decizii luate numai pe baza unor activit\u0103\u021bi de prelucrare automate, inclusiv crearea de profiluri, care produce efecte juridice care privesc persoana vizat\u0103 sau o afecteaz\u0103 \u00een mod similar \u00eentr-o m\u0103sur\u0103 semnificativ\u0103;<br \/>\n<strong>Dreptul de a v\u0103 adresa Autorit\u0103\u0163ii Na\u0163ionale de Supraveghere a Prelucr\u0103rii Datelor cu Caracter Personal<\/strong> (B-dul General Gheorghe Magheru nr.28-30, sector 1, Bucure\u0219ti, cod po\u0219tal 010336, tel: 0040318059211) si instan\u021bei de judecata competente pentru orice \u00eenc\u0103lcare a modului de utilizare a datelor dumneavoastr\u0103 personale \u00een m\u0103sura \u00een care considera\u021bi necesar, dupa ce ati notificat mai intai operatorul Asociatia DIPLOMACY360[\/vc_column_text][vc_column_text css=&#8221;&#8221;]<\/p>\n<h3>VIII. Securitatea datelor personale<\/h3>\n<p>Av\u00e2nd in vedere contextul si scopurile prelucr\u0103rii, costurile implement\u0103rii precum si riscul prezentat de categoriile de date prelucrate, Asociatia DIPLOMACY360 are implementate masuri tehnice si organizatorice in vederea asigur\u0103rii confiden\u021bialit\u0103\u021bii si integrit\u0103\u021bii datelor personale prelucrate[\/vc_column_text][vc_column_text css=&#8221;&#8221;]<\/p>\n<h3>IX. Informatii Suplimentare<\/h3>\n<p>Dac\u0103 unele dintre datele dumneavoastr\u0103 sunt incorecte, ave\u021bi obliga\u021bia de a informa operatorul cat mai&nbsp; cur\u00e2nd posibil.<br \/>\nPentru exercitarea drepturilor men\u021bionate mai sus, va ve\u021bi putea adresa operatorului Asociatia DIPLOMACY360 cu o cerere scris\u0103, datat\u0103 \u0219i semnat\u0103, la adresa de email: office@rbe.ro<br \/>\nAsociatia DIPLOMACY360 este obligat\u0103 s\u0103 r\u0103spund\u0103 solicit\u0103rilor dumneavoastra f\u0103r\u0103 \u00eent\u00e2rzieri nejustificate, \u00een termen de o lun\u0103 de la data primirii cererii. Aceast\u0103 perioad\u0103 poate fi prelungit\u0103 cu dou\u0103 luni c\u00e2nd este necesar, \u021bin\u00e2ndu-se seama de complexitatea \u0219i&nbsp; num\u0103rul cererilor.<br \/>\nOrice fel de informa\u021bie sau solicitare in exercitarea drepturilor cu privire la datele personale este gratuita. In cazul in care cererile din partea dumneavoastra sunt in mod vadit nefondate sau excesive, in special din cauza caracterului lor repetitiv, noi, Asociatia DIPLOMACY360, avem dreptul de a refuza sa dam curs unei astfel de cereri sau sa percepem o taxa rezonabila in functie de costurile&nbsp; administrative, revenindu-ne sarcina de a demonstra caracterul vadit nefondat sau excesiv al cererii.<br \/>\nPentru orice \u00eentreb\u0103ri suplimentare cu privire la modul \u00een care datele cu caracter personal sunt prelucrate \u0219i pentru a v\u0103 exercita drepturile men\u021bionate mai sus, v\u0103 rug\u0103m s\u0103 v\u0103 adresa\u021bi la adresa de email: office@rbe.ro.<br \/>\nAceast\u0103 pagin\u0103 de internet folose\u0219te fi\u0219iere de tip cookie. Pentru mai multe informa\u021bii cu privire la modul \u00een care se folosesc aceste fi\u0219iere, v\u0103 rug\u0103m s\u0103 accesa\u021bi urm\u0103torul link: <a href=\"https:\/\/diplomacy360.com\/ro\/politica-cookie\/\">https:\/\/diplomacy360.com\/ro\/politica-cookie\/<\/a>[\/vc_column_text][\/vc_column][\/vc_row]<\/p>\n<\/div>","protected":false},"excerpt":{"rendered":"<p>[vc_row][vc_column][vc_column_text css=&#8221;&#8221;] Nota de informare privind prelucrarea datelor cu caracter personal ale vizitatorilor site-ului www.diplomacy360.com colectate de Asociatia DIPLOMACY360. [\/vc_column_text][vc_column_text css=&#8221;&#8221;] I. Informa\u021bii generale Asociatia DIPLOMACY360 reprezint\u0103 operatorul \u00een conformitate cu Regulamentul \u0219i prin urmare, suntem responsabili pentru prelucrarea datelor personale colectate de la dumneavoastr\u0103. Pentru \u00eentreb\u0103ri sau solicit\u0103ri privind prelucrarea datelor, v\u0103 rug\u0103m s\u0103 ne contacta\u021bi la adresa sediului [&hellip;]<\/p>\n","protected":false},"author":1,"featured_media":0,"parent":0,"menu_order":0,"comment_status":"closed","ping_status":"closed","template":"page-templates\/full-width.php","meta":{"ngg_post_thumbnail":0,"footnotes":""},"class_list":["post-1548","page","type-page","status-publish","hentry"],"aioseo_notices":[],"_links":{"self":[{"href":"https:\/\/diplomacy360.com\/ro\/wp-json\/wp\/v2\/pages\/1548","targetHints":{"allow":["GET"]}}],"collection":[{"href":"https:\/\/diplomacy360.com\/ro\/wp-json\/wp\/v2\/pages"}],"about":[{"href":"https:\/\/diplomacy360.com\/ro\/wp-json\/wp\/v2\/types\/page"}],"author":[{"embeddable":true,"href":"https:\/\/diplomacy360.com\/ro\/wp-json\/wp\/v2\/users\/1"}],"replies":[{"embeddable":true,"href":"https:\/\/diplomacy360.com\/ro\/wp-json\/wp\/v2\/comments?post=1548"}],"version-history":[{"count":6,"href":"https:\/\/diplomacy360.com\/ro\/wp-json\/wp\/v2\/pages\/1548\/revisions"}],"predecessor-version":[{"id":2321,"href":"https:\/\/diplomacy360.com\/ro\/wp-json\/wp\/v2\/pages\/1548\/revisions\/2321"}],"wp:attachment":[{"href":"https:\/\/diplomacy360.com\/ro\/wp-json\/wp\/v2\/media?parent=1548"}],"curies":[{"name":"wp","href":"https:\/\/api.w.org\/{rel}","templated":true}]}}